{"id":415,"date":"2020-04-08T18:30:38","date_gmt":"2020-04-08T18:30:38","guid":{"rendered":"http:\/\/anagio.com\/quien-somos\/"},"modified":"2020-04-08T18:30:39","modified_gmt":"2020-04-08T18:30:39","slug":"quien-somos","status":"publish","type":"page","link":"https:\/\/anagio.com\/es\/quien-somos\/","title":{"rendered":"Quien Somos"},"content":{"rendered":"<p>[et_pb_section fb_built=\u00bb1&#8243; admin_label=\u00bbAbout Us Section\u00bb _builder_version=\u00bb4.0.9&#8243; background_image=\u00bbhttps:\/\/anagio.com\/wp-content\/uploads\/2019\/08\/Surbiton.jpg\u00bb parallax=\u00bbon\u00bb custom_margin=\u00bb||||false|false\u00bb custom_margin_tablet=\u00bb\u00bb custom_margin_phone=\u00bb|0px||0px\u00bb custom_margin_last_edited=\u00bbon|phone\u00bb custom_padding=\u00bb2%|||0|false|false\u00bb animation_style=\u00bbzoom\u00bb animation_direction=\u00bbtop\u00bb animation_intensity_zoom=\u00bb5%\u00bb hover_enabled=\u00bb0&#8243; box_shadow_style=\u00bbpreset7&#8243; box_shadow_horizontal=\u00bb0px\u00bb box_shadow_vertical=\u00bb-200px\u00bb box_shadow_color=\u00bb#ffffff\u00bb][et_pb_row _builder_version=\u00bb4.0.9&#8243; column_structure=\u00bb2_3,1_3&#8243; custom_margin=\u00bb|auto||320px||\u00bb][et_pb_column _builder_version=\u00bb4.0.9&#8243; type=\u00bb2_3&#8243;][et_pb_text admin_label=\u00bbTitle\u00bb _builder_version=\u00bb3.27.4&#8243; text_font=\u00bbMontserrat||||||||\u00bb text_text_color=\u00bb#747d88&#8243; text_font_size=\u00bb16px\u00bb text_line_height=\u00bb1.9em\u00bb header_font=\u00bb||||||||\u00bb header_text_align=\u00bbleft\u00bb header_2_font=\u00bbMontserrat|700||on|||||\u00bb header_2_font_size=\u00bb42px\u00bb header_2_line_height=\u00bb1.3em\u00bb background_color=\u00bb#f7f7f7&#8243; background_size=\u00bbinitial\u00bb background_position=\u00bbtop_left\u00bb background_repeat=\u00bbrepeat\u00bb max_width=\u00bb700px\u00bb module_alignment=\u00bbleft\u00bb custom_margin=\u00bb|82px||||\u00bb custom_padding=\u00bb10%|1.3%|10%|10%||\u00bb animation_style=\u00bbslide\u00bb animation_direction=\u00bbbottom\u00bb animation_intensity_slide=\u00bb4%\u00bb animation_starting_opacity=\u00bb100%\u00bb box_shadow_style=\u00bbpreset1&#8243; box_shadow_vertical=\u00bb15px\u00bb box_shadow_blur=\u00bb45px\u00bb box_shadow_color=\u00bbrgba(0,0,0,0.15)\u00bb locked=\u00bboff\u00bb]<\/p>\n<h2>Soluciones locales para clientes locales<\/h2>\n<div class=\"tlid-input input\">\n<div class=\"source-wrap\">\n<div class=\"input-full-height-wrapper tlid-input-full-height-wrapper\">\n<div class=\"source-input\">\n<div class=\"source-footer-wrap source-or-target-footer\">\n<div class=\"character-count tlid-character-count\">\n<div class=\"cc-ctr normal\">373\/5000<\/div>\n<\/div>\n<div class=\"source-footer\">\n<div class=\"speech-wrap source-or-target-footer-button left-positioned\">\n<div id=\"gt-speech\" class=\"speech-button goog-toolbar-button\" tabindex=\"0\" role=\"button\" aria-label=\"Turn on voice input\" data-tooltip-align=\"t,c\" aria-pressed=\"false\" aria-disabled=\"false\" data-tooltip=\"Turn on voice input\"><\/div>\n<\/div>\n<div class=\"src-tts left-positioned ttsbutton jfk-button-flat source-or-target-footer-button jfk-button\" tabindex=\"0\" role=\"button\" aria-label=\"Listen\" data-tooltip=\"Listen\" aria-pressed=\"false\" data-tooltip-align=\"t,c\" aria-hidden=\"false\" aria-disabled=\"false\">\n<div class=\"jfk-button-img\"><\/div>\n<\/div>\n<\/div>\n<\/div>\n<\/div>\n<\/div>\n<\/div>\n<\/div>\n<div class=\"tlid-results-container results-container\">\n<div class=\"tlid-result result-dict-wrapper\">\n<div class=\"result tlid-copy-target\">\n<div class=\"result-header\">\n<div class=\"starbutton jfk-button-flat jfk-button unstarred\" tabindex=\"0\" role=\"button\" aria-label=\"Star translation\" data-tooltip=\"Star translation\" data-tooltip-align=\"t,c\">\n<div class=\"jfk-button-img\"><\/div>\n<\/div>\n<\/div>\n<div class=\"text-wrap tlid-copy-target\">\n<div class=\"result-shield-container tlid-copy-target\" tabindex=\"0\"><span class=\"tlid-translation translation\" lang=\"es\"><span class=\"\" title=\"\">\u00bfPor qu\u00e9 construir tu propio sitio web?<\/span> <span class=\"\" title=\"\">\u00bfO lo puede construir un robot sin rostro al final del tel\u00e9fono \/ correo electr\u00f3nico?<\/span><\/p>\n<p><span class=\"\" title=\"\">Conocemos a todos nuestros clientes.<\/span> <span class=\"\" title=\"\">Reunidos cara a cara, escuchamos y sugerimos la mejor soluci\u00f3n.<\/span><\/p>\n<p><span class=\"\" title=\"\">Nuestro objetivo es crecer junto con nuestros clientes.<\/span> <span class=\"\" title=\"\">Si mejoran su negocio, tienen m\u00e1s dinero para gastar con nosotros.<\/span> <span class=\"\" title=\"\">Entonces continuamos las mejoras y nos hacemos m\u00e1s grandes y mejores juntos.<\/span><\/span><\/div>\n<\/div>\n<\/div>\n<\/div>\n<\/div>\n<p>[\/et_pb_text][\/et_pb_column][et_pb_column _builder_version=\u00bb4.0.9&#8243; type=\u00bb1_3&#8243;][\/et_pb_column][\/et_pb_row][\/et_pb_section][et_pb_section fb_built=\u00bb1&#8243; admin_label=\u00bbPage Header\u00bb _builder_version=\u00bb3.22&#8243; background_image=\u00bbhttps:\/\/anagio.com\/wp-content\/uploads\/2019\/08\/circle-background-pattern.png\u00bb custom_padding=\u00bb0px|0px|0px|0px|false|false\u00bb animation_style=\u00bbzoom\u00bb animation_intensity_zoom=\u00bb4%\u00bb][\/et_pb_section][et_pb_section fb_built=\u00bb1&#8243; _builder_version=\u00bb3.22&#8243;][et_pb_row _builder_version=\u00bb3.25&#8243;][et_pb_column type=\u00bb4_4&#8243; _builder_version=\u00bb3.25&#8243; custom_padding=\u00bb|||\u00bb custom_padding__hover=\u00bb|||\u00bb][et_pb_text _builder_version=\u00bb3.27.4&#8243;][\/et_pb_text][\/et_pb_column][\/et_pb_row][\/et_pb_section]<\/p>\n","protected":false},"excerpt":{"rendered":"<p>Soluciones locales para clientes locales 373\/5000 \u00bfPor qu\u00e9 construir tu propio sitio web? \u00bfO lo puede construir un robot sin rostro al final del tel\u00e9fono \/ correo electr\u00f3nico? Conocemos a todos nuestros clientes. Reunidos cara a cara, escuchamos y sugerimos la mejor soluci\u00f3n. Nuestro objetivo es crecer junto con nuestros clientes. Si mejoran su negocio, [&hellip;]<\/p>\n","protected":false},"author":2,"featured_media":0,"parent":0,"menu_order":0,"comment_status":"open","ping_status":"closed","template":"","meta":{"_et_pb_use_builder":"on","_et_pb_old_content":"\u00bfNecesita un sitio web pero no sabe por d\u00f3nde empezar?\r\n\r\n\u00bfSiente que su empresa necesita una presencia en la web para mantenerse por delante de la competencia?\r\nPero no sabes c\u00f3mo, o no tienes tiempo para hacerlo.\r\n\r\nFresh Web puede ayudarlo a obtener una presencia en l\u00ednea de manera econ\u00f3mica y eficiente. Desde nuevas empresas hasta tiendas en l\u00ednea, sean cuales sean sus requisitos, podemos ofrecer soluciones econ\u00f3micas.\r\n\r\nCon experiencia en todas las \u00e1reas de la inform\u00e1tica y la tecnolog\u00eda de Internet, podemos brindarle toda la asistencia que necesitar\u00e1 para ayudar a que su negocio crezca a trav\u00e9s de un solo contacto. \u00a1Mantenemos nuestros costos en perspectiva y nuestro idioma en ingl\u00e9s sencillo!\r\n\r\nSi desea hablar sobre un sitio web, o aprovechar cualquiera de nuestras ofertas, o simplemente un chat informal, cont\u00e1ctenos con sus ideas y pronto ver\u00e1 c\u00f3mo Fresh Web puede ayudarlo.","_et_gb_content_width":"","footnotes":""},"yoast_head":"<!-- This site is optimized with the Yoast SEO plugin v21.8 - https:\/\/yoast.com\/wordpress\/plugins\/seo\/ -->\n<title>Quien Somos - Anagio - Surbiton Web Design<\/title>\n<meta name=\"robots\" content=\"index, follow, max-snippet:-1, max-image-preview:large, max-video-preview:-1\" \/>\n<link rel=\"canonical\" href=\"https:\/\/anagio.com\/es\/quien-somos\/\" \/>\n<meta property=\"og:locale\" content=\"es_ES\" \/>\n<meta property=\"og:type\" content=\"article\" \/>\n<meta property=\"og:title\" content=\"Quien Somos - Anagio - Surbiton Web Design\" \/>\n<meta property=\"og:description\" content=\"Soluciones locales para clientes locales 373\/5000 \u00bfPor qu\u00e9 construir tu propio sitio web? \u00bfO lo puede construir un robot sin rostro al final del tel\u00e9fono \/ correo electr\u00f3nico? Conocemos a todos nuestros clientes. Reunidos cara a cara, escuchamos y sugerimos la mejor soluci\u00f3n. Nuestro objetivo es crecer junto con nuestros clientes. Si mejoran su negocio, [&hellip;]\" \/>\n<meta property=\"og:url\" content=\"https:\/\/anagio.com\/es\/quien-somos\/\" \/>\n<meta property=\"og:site_name\" content=\"Anagio - Surbiton Web Design\" \/>\n<meta property=\"article:modified_time\" content=\"2020-04-08T18:30:39+00:00\" \/>\n<meta name=\"twitter:card\" content=\"summary_large_image\" \/>\n<meta name=\"twitter:label1\" content=\"Tiempo de lectura\" \/>\n\t<meta name=\"twitter:data1\" content=\"2 minutos\" \/>\n<script type=\"application\/ld+json\" class=\"yoast-schema-graph\">{\"@context\":\"https:\/\/schema.org\",\"@graph\":[{\"@type\":\"WebPage\",\"@id\":\"https:\/\/anagio.com\/es\/quien-somos\/\",\"url\":\"https:\/\/anagio.com\/es\/quien-somos\/\",\"name\":\"Quien Somos - Anagio - Surbiton Web Design\",\"isPartOf\":{\"@id\":\"https:\/\/anagio.com\/es\/#website\"},\"datePublished\":\"2020-04-08T18:30:38+00:00\",\"dateModified\":\"2020-04-08T18:30:39+00:00\",\"breadcrumb\":{\"@id\":\"https:\/\/anagio.com\/es\/quien-somos\/#breadcrumb\"},\"inLanguage\":\"es\",\"potentialAction\":[{\"@type\":\"ReadAction\",\"target\":[\"https:\/\/anagio.com\/es\/quien-somos\/\"]}]},{\"@type\":\"BreadcrumbList\",\"@id\":\"https:\/\/anagio.com\/es\/quien-somos\/#breadcrumb\",\"itemListElement\":[{\"@type\":\"ListItem\",\"position\":1,\"name\":\"Home\",\"item\":\"https:\/\/anagio.com\/es\/\"},{\"@type\":\"ListItem\",\"position\":2,\"name\":\"Quien Somos\"}]},{\"@type\":\"WebSite\",\"@id\":\"https:\/\/anagio.com\/es\/#website\",\"url\":\"https:\/\/anagio.com\/es\/\",\"name\":\"Anagio - Surbiton Web Design\",\"description\":\"Web Design Surbiton, Surrey\",\"publisher\":{\"@id\":\"https:\/\/anagio.com\/es\/#organization\"},\"potentialAction\":[{\"@type\":\"SearchAction\",\"target\":{\"@type\":\"EntryPoint\",\"urlTemplate\":\"https:\/\/anagio.com\/es\/?s={search_term_string}\"},\"query-input\":\"required name=search_term_string\"}],\"inLanguage\":\"es\"},{\"@type\":\"Organization\",\"@id\":\"https:\/\/anagio.com\/es\/#organization\",\"name\":\"Anagio Ltd.\",\"url\":\"https:\/\/anagio.com\/es\/\",\"logo\":{\"@type\":\"ImageObject\",\"inLanguage\":\"es\",\"@id\":\"https:\/\/anagio.com\/es\/#\/schema\/logo\/image\/\",\"url\":\"https:\/\/anagio.com\/wp-content\/uploads\/2020\/04\/Anagio.jpeg\",\"contentUrl\":\"https:\/\/anagio.com\/wp-content\/uploads\/2020\/04\/Anagio.jpeg\",\"width\":389,\"height\":130,\"caption\":\"Anagio Ltd.\"},\"image\":{\"@id\":\"https:\/\/anagio.com\/es\/#\/schema\/logo\/image\/\"},\"sameAs\":[\"https:\/\/www.linkedin.com\/company\/anagio\"]}]}<\/script>\n<!-- \/ Yoast SEO plugin. -->","yoast_head_json":{"title":"Quien Somos - Anagio - Surbiton Web Design","robots":{"index":"index","follow":"follow","max-snippet":"max-snippet:-1","max-image-preview":"max-image-preview:large","max-video-preview":"max-video-preview:-1"},"canonical":"https:\/\/anagio.com\/es\/quien-somos\/","og_locale":"es_ES","og_type":"article","og_title":"Quien Somos - Anagio - Surbiton Web Design","og_description":"Soluciones locales para clientes locales 373\/5000 \u00bfPor qu\u00e9 construir tu propio sitio web? \u00bfO lo puede construir un robot sin rostro al final del tel\u00e9fono \/ correo electr\u00f3nico? Conocemos a todos nuestros clientes. Reunidos cara a cara, escuchamos y sugerimos la mejor soluci\u00f3n. Nuestro objetivo es crecer junto con nuestros clientes. Si mejoran su negocio, [&hellip;]","og_url":"https:\/\/anagio.com\/es\/quien-somos\/","og_site_name":"Anagio - Surbiton Web Design","article_modified_time":"2020-04-08T18:30:39+00:00","twitter_card":"summary_large_image","twitter_misc":{"Tiempo de lectura":"2 minutos"},"schema":{"@context":"https:\/\/schema.org","@graph":[{"@type":"WebPage","@id":"https:\/\/anagio.com\/es\/quien-somos\/","url":"https:\/\/anagio.com\/es\/quien-somos\/","name":"Quien Somos - Anagio - Surbiton Web Design","isPartOf":{"@id":"https:\/\/anagio.com\/es\/#website"},"datePublished":"2020-04-08T18:30:38+00:00","dateModified":"2020-04-08T18:30:39+00:00","breadcrumb":{"@id":"https:\/\/anagio.com\/es\/quien-somos\/#breadcrumb"},"inLanguage":"es","potentialAction":[{"@type":"ReadAction","target":["https:\/\/anagio.com\/es\/quien-somos\/"]}]},{"@type":"BreadcrumbList","@id":"https:\/\/anagio.com\/es\/quien-somos\/#breadcrumb","itemListElement":[{"@type":"ListItem","position":1,"name":"Home","item":"https:\/\/anagio.com\/es\/"},{"@type":"ListItem","position":2,"name":"Quien Somos"}]},{"@type":"WebSite","@id":"https:\/\/anagio.com\/es\/#website","url":"https:\/\/anagio.com\/es\/","name":"Anagio - Surbiton Web Design","description":"Web Design Surbiton, Surrey","publisher":{"@id":"https:\/\/anagio.com\/es\/#organization"},"potentialAction":[{"@type":"SearchAction","target":{"@type":"EntryPoint","urlTemplate":"https:\/\/anagio.com\/es\/?s={search_term_string}"},"query-input":"required name=search_term_string"}],"inLanguage":"es"},{"@type":"Organization","@id":"https:\/\/anagio.com\/es\/#organization","name":"Anagio Ltd.","url":"https:\/\/anagio.com\/es\/","logo":{"@type":"ImageObject","inLanguage":"es","@id":"https:\/\/anagio.com\/es\/#\/schema\/logo\/image\/","url":"https:\/\/anagio.com\/wp-content\/uploads\/2020\/04\/Anagio.jpeg","contentUrl":"https:\/\/anagio.com\/wp-content\/uploads\/2020\/04\/Anagio.jpeg","width":389,"height":130,"caption":"Anagio Ltd."},"image":{"@id":"https:\/\/anagio.com\/es\/#\/schema\/logo\/image\/"},"sameAs":["https:\/\/www.linkedin.com\/company\/anagio"]}]}},"_links":{"self":[{"href":"https:\/\/anagio.com\/es\/wp-json\/wp\/v2\/pages\/415"}],"collection":[{"href":"https:\/\/anagio.com\/es\/wp-json\/wp\/v2\/pages"}],"about":[{"href":"https:\/\/anagio.com\/es\/wp-json\/wp\/v2\/types\/page"}],"author":[{"embeddable":true,"href":"https:\/\/anagio.com\/es\/wp-json\/wp\/v2\/users\/2"}],"replies":[{"embeddable":true,"href":"https:\/\/anagio.com\/es\/wp-json\/wp\/v2\/comments?post=415"}],"version-history":[{"count":0,"href":"https:\/\/anagio.com\/es\/wp-json\/wp\/v2\/pages\/415\/revisions"}],"wp:attachment":[{"href":"https:\/\/anagio.com\/es\/wp-json\/wp\/v2\/media?parent=415"}],"curies":[{"name":"wp","href":"https:\/\/api.w.org\/{rel}","templated":true}]}}