{"id":409,"date":"2020-04-08T18:19:01","date_gmt":"2020-04-08T18:19:01","guid":{"rendered":"http:\/\/anagio.com\/servicios\/"},"modified":"2022-12-22T17:17:29","modified_gmt":"2022-12-22T17:17:29","slug":"web-multilingual-sitges","status":"publish","type":"page","link":"https:\/\/anagio.com\/es\/web-multilingual-sitges\/","title":{"rendered":"Servicios"},"content":{"rendered":"<p>[et_pb_section fb_built=\u00bb1&#8243; admin_label=\u00bbHero\u00bb _builder_version=\u00bb4.16&#8243; custom_padding=\u00bb0px|0px|0px|0px\u00bb animation_style=\u00bbzoom\u00bb animation_intensity_zoom=\u00bb4%\u00bb global_colors_info=\u00bb{}\u00bb][et_pb_row column_structure=\u00bb1_2,1_2&#8243; use_custom_gutter=\u00bbon\u00bb gutter_width=\u00bb1&#8243; make_equal=\u00bbon\u00bb module_class=\u00bb et_pb_row_fullwidth\u00bb _builder_version=\u00bb4.19.1&#8243; background_color=\u00bb#0b99f4&#8243; background_image=\u00bbhttps:\/\/anagio.com\/wp-content\/uploads\/2019\/08\/circle-background-pattern.png\u00bb width=\u00bb100%\u00bb width_tablet=\u00bb100%\u00bb width_phone=\u00bb\u00bb width_last_edited=\u00bbon|desktop\u00bb max_width=\u00bb100%\u00bb max_width_tablet=\u00bb100%\u00bb max_width_phone=\u00bb\u00bb max_width_last_edited=\u00bbon|desktop\u00bb custom_padding=\u00bb0px||0px|||\u00bb animation_style=\u00bbslide\u00bb animation_direction=\u00bbtop\u00bb animation_intensity_slide=\u00bb3%\u00bb make_fullwidth=\u00bbon\u00bb global_colors_info=\u00bb{}\u00bb][et_pb_column type=\u00bb1_2&#8243; _builder_version=\u00bb4.16&#8243; custom_padding=\u00bb1%|8%|1%|8%|false|true\u00bb global_colors_info=\u00bb{}\u00bb custom_padding__hover=\u00bb|||\u00bb][et_pb_text _builder_version=\u00bb4.19.1&#8243; text_font=\u00bb||||||||\u00bb header_font=\u00bbMontserrat|700||on|||||\u00bb header_text_color=\u00bb#f7f7f7&#8243; header_font_size=\u00bb60px\u00bb header_line_height=\u00bb1.3em\u00bb custom_margin=\u00bb||40px|\u00bb animation_style=\u00bbfade\u00bb hover_enabled=\u00bb0&#8243; header_font_size_last_edited=\u00bboff|desktop\u00bb locked=\u00bboff\u00bb global_colors_info=\u00bb{}\u00bb sticky_enabled=\u00bb0&#8243;]<\/p>\n<h1><strong>Servicios web Sitges<\/strong><\/h1>\n<p>[\/et_pb_text][et_pb_text _builder_version=\u00bb4.19.1&#8243; text_font=\u00bbMontserrat||||\u00bb text_text_color=\u00bb#353740&#8243; text_font_size=\u00bb20px\u00bb text_line_height=\u00bb1.8em\u00bb header_font=\u00bb||||||||\u00bb custom_margin=\u00bb||50px|\u00bb custom_padding=\u00bb0px|||||\u00bb animation_style=\u00bbslide\u00bb animation_direction=\u00bbtop\u00bb animation_intensity_slide=\u00bb17%\u00bb hover_enabled=\u00bb0&#8243; locked=\u00bboff\u00bb global_colors_info=\u00bb{}\u00bb sticky_enabled=\u00bb0&#8243;]<\/p>\n<p>Somos un proveedor de soluciones integrales establecido en Surbiton desde 2005. Brindamos servicio y soporte para las empresas locales y la comunidad, ayud\u00e1ndoles con sus problemas de Internet y web.<\/p>\n<p>No hay trabajo peque\u00f1o o grande, estamos felices de trabajar en proyectos de cualquier tama\u00f1o. Simplemente <span style=\"color: #ffffff;\">cont\u00e1ctenos<\/span> para que podamos conocer sus requisitos y ofrecerle un presupuesto.<\/p>\n<p>[\/et_pb_text][\/et_pb_column][et_pb_column type=\u00bb1_2&#8243; _builder_version=\u00bb4.19.1&#8243; background_image=\u00bbhttps:\/\/anagio.com\/wp-content\/uploads\/2020\/04\/sitges-panorama-1.jpg\u00bb parallax=\u00bbon\u00bb custom_padding=\u00bb|||\u00bb global_colors_info=\u00bb{}\u00bb custom_padding__hover=\u00bb|||\u00bb][\/et_pb_column][\/et_pb_row][\/et_pb_section][et_pb_section fb_built=\u00bb1&#8243; admin_label=\u00bbService Section\u00bb _builder_version=\u00bb4.16&#8243; min_height=\u00bb890px\u00bb custom_margin=\u00bb|||\u00bb custom_padding=\u00bb40px||40px|||\u00bb global_colors_info=\u00bb{}\u00bb][et_pb_row admin_label=\u00bbService Section Title\u00bb _builder_version=\u00bb4.16&#8243; custom_margin=\u00bb|auto|10px|auto||\u00bb animation_style=\u00bbfade\u00bb animation_direction=\u00bbtop\u00bb saved_tabs=\u00bball\u00bb global_colors_info=\u00bb{}\u00bb][et_pb_column type=\u00bb4_4&#8243; _builder_version=\u00bb4.16&#8243; custom_padding=\u00bb|||\u00bb global_colors_info=\u00bb{}\u00bb custom_padding__hover=\u00bb|||\u00bb][et_pb_text admin_label=\u00bbTitle\u00bb _builder_version=\u00bb4.16&#8243; text_font=\u00bbMontserrat||||||||\u00bb text_text_color=\u00bb#747d88&#8243; text_font_size=\u00bb16px\u00bb text_line_height=\u00bb1.9em\u00bb header_font=\u00bb||||||||\u00bb header_2_font=\u00bbMontserrat|700||on|||||\u00bb header_2_font_size=\u00bb42px\u00bb header_2_line_height=\u00bb1.3em\u00bb text_orientation=\u00bbcenter\u00bb max_width=\u00bb700px\u00bb module_alignment=\u00bbcenter\u00bb animation_style=\u00bbslide\u00bb animation_direction=\u00bbbottom\u00bb animation_intensity_slide=\u00bb4%\u00bb global_colors_info=\u00bb{}\u00bb]<\/p>\n<h2>Que podemos hacer por usted<\/h2>\n<p>[\/et_pb_text][et_pb_text admin_label=\u00bbSubtitle\u00bb _builder_version=\u00bb4.16&#8243; text_font=\u00bbMontserrat||||\u00bb text_text_color=\u00bb#747d88&#8243; text_font_size=\u00bb16px\u00bb text_line_height=\u00bb1.8em\u00bb header_font=\u00bb||||||||\u00bb text_orientation=\u00bbcenter\u00bb max_width=\u00bb1106px\u00bb module_alignment=\u00bbcenter\u00bb custom_margin=\u00bb|||46px||\u00bb custom_padding=\u00bb|||0px||\u00bb animation_style=\u00bbslide\u00bb animation_direction=\u00bbbottom\u00bb animation_delay=\u00bb100ms\u00bb animation_intensity_slide=\u00bb4%\u00bb global_colors_info=\u00bb{}\u00bb]Tenemos las habilidades requeridas o, a trav\u00e9s de nuestros contactos, podremos utilizar un experto en el campo respectivo para ayudarnos con los servicios que usted requiera. De esa forma, obtienes el beneficio de todo con un solo contacto. Sin buscar, sin perder tiempo descubriendo qui\u00e9n est\u00e1 haciendo qu\u00e9. D\u00e9jelo con nosotros sabiendo que se har\u00e1.[\/et_pb_text][\/et_pb_column][\/et_pb_row][et_pb_row column_structure=\u00bb1_3,1_3,1_3&#8243; use_custom_gutter=\u00bbon\u00bb gutter_width=\u00bb2&#8243; make_equal=\u00bbon\u00bb admin_label=\u00bbServicios\u00bb _builder_version=\u00bb4.16&#8243; max_width=\u00bb80%\u00bb custom_padding=\u00bb25px||25px|\u00bb use_custom_width=\u00bbon\u00bb width_unit=\u00bboff\u00bb global_colors_info=\u00bb{}\u00bb][et_pb_column type=\u00bb1_3&#8243; _builder_version=\u00bb4.16&#8243; custom_padding=\u00bb|||\u00bb global_colors_info=\u00bb{}\u00bb custom_padding__hover=\u00bb|||\u00bb][et_pb_blurb title=\u00bbDise\u00f1o Web\u00bb use_icon=\u00bbon\u00bb font_icon=\u00bb&#xe00d;||divi||400&#8243; icon_color=\u00bb#041175&#8243; image_icon_background_color=\u00bbrgba(0,0,0,0)\u00bb image_icon_width=\u00bb60px\u00bb _builder_version=\u00bb4.16&#8243; header_font=\u00bbMontserrat|on|||\u00bb header_text_color=\u00bb#353740&#8243; header_font_size=\u00bb22px\u00bb header_line_height=\u00bb1.4em\u00bb body_font=\u00bbMontserrat||||\u00bb body_text_color=\u00bb#747d88&#8243; body_font_size=\u00bb16px\u00bb body_line_height=\u00bb1.8em\u00bb image_icon_custom_padding=\u00bb25px|25px|25px|25px|false|false\u00bb text_orientation=\u00bbcenter\u00bb custom_padding=\u00bb10px|20px|10px|20px|false|false\u00bb animation_style=\u00bbslide\u00bb animation_direction=\u00bbleft\u00bb animation_delay=\u00bb100ms\u00bb border_width_all=\u00bb0px\u00bb border_color_all=\u00bb#dddddd\u00bb border_style_all=\u00bbsolid\u00bb border_radii_image=\u00bbon|100%|100%|100%|100%\u00bb border_width_all_image=\u00bb3px\u00bb border_color_all_image=\u00bb#8300e9&#8243; use_border_color=\u00bbon\u00bb border_color=\u00bb#dddddd\u00bb icon_font_size=\u00bb60px\u00bb use_circle=\u00bbon\u00bb use_circle_border=\u00bbon\u00bb circle_border_color=\u00bb#8300e9&#8243; circle_color=\u00bbrgba(0,0,0,0)\u00bb global_colors_info=\u00bb{}\u00bb image_icon_background_color__sticky_enabled=\u00bb#2ea3f2&#8243; image_icon_background_color__sticky=\u00bb#2ea3f2&#8243;]Nuevo dise\u00f1o a un precio razonable[\/et_pb_blurb][\/et_pb_column][et_pb_column type=\u00bb1_3&#8243; _builder_version=\u00bb4.16&#8243; custom_padding=\u00bb|||\u00bb global_colors_info=\u00bb{}\u00bb custom_padding__hover=\u00bb|||\u00bb][et_pb_blurb title=\u00bbNombre de dominio\u00bb use_icon=\u00bbon\u00bb font_icon=\u00bb&#xe0e3;||divi||400&#8243; icon_color=\u00bb#041175&#8243; image_icon_background_color=\u00bbrgba(0,0,0,0)\u00bb image_icon_width=\u00bb60px\u00bb _builder_version=\u00bb4.16&#8243; header_font=\u00bbMontserrat|on|||\u00bb header_text_color=\u00bb#353740&#8243; header_font_size=\u00bb22px\u00bb header_line_height=\u00bb1.4em\u00bb body_font=\u00bbMontserrat||||\u00bb body_text_color=\u00bb#747d88&#8243; body_font_size=\u00bb16px\u00bb body_line_height=\u00bb1.8em\u00bb image_icon_custom_padding=\u00bb25px|25px|25px|25px|false|false\u00bb text_orientation=\u00bbcenter\u00bb custom_padding=\u00bb10px|20px|10px|20px|false|false\u00bb animation_style=\u00bbslide\u00bb animation_direction=\u00bbleft\u00bb animation_delay=\u00bb100ms\u00bb border_width_all=\u00bb0px\u00bb border_color_all=\u00bb#dddddd\u00bb border_style_all=\u00bbsolid\u00bb border_radii_image=\u00bbon|100%|100%|100%|100%\u00bb border_width_all_image=\u00bb3px\u00bb border_color_all_image=\u00bb#8300e9&#8243; use_border_color=\u00bbon\u00bb border_color=\u00bb#dddddd\u00bb icon_font_size=\u00bb60px\u00bb use_circle=\u00bbon\u00bb use_circle_border=\u00bbon\u00bb circle_border_color=\u00bb#8300e9&#8243; circle_color=\u00bbrgba(0,0,0,0)\u00bb global_colors_info=\u00bb{}\u00bb image_icon_background_color__sticky_enabled=\u00bb#2ea3f2&#8243; image_icon_background_color__sticky=\u00bb#2ea3f2&#8243;]<\/p>\n<p>el Su nombre en Internet, incluso si el original ya est\u00e1 en uso, hay muchas opciones<\/p>\n<p>[\/et_pb_blurb][\/et_pb_column][et_pb_column type=\u00bb1_3&#8243; _builder_version=\u00bb4.16&#8243; custom_padding=\u00bb|||\u00bb global_colors_info=\u00bb{}\u00bb custom_padding__hover=\u00bb|||\u00bb][et_pb_blurb title=\u00bbCambio r\u00e1pido\u00bb use_icon=\u00bbon\u00bb font_icon=\u00bb&#xe023;||divi||400&#8243; icon_color=\u00bb#041175&#8243; image_icon_background_color=\u00bbrgba(0,0,0,0)\u00bb image_icon_width=\u00bb60px\u00bb _builder_version=\u00bb4.16&#8243; header_font=\u00bbMontserrat|on|||\u00bb header_text_color=\u00bb#353740&#8243; header_font_size=\u00bb22px\u00bb header_line_height=\u00bb1.4em\u00bb body_font=\u00bbMontserrat||||\u00bb body_text_color=\u00bb#747d88&#8243; body_font_size=\u00bb16px\u00bb body_line_height=\u00bb1.8em\u00bb image_icon_custom_padding=\u00bb25px|25px|25px|25px|false|false\u00bb text_orientation=\u00bbcenter\u00bb custom_padding=\u00bb10px|20px|10px|20px|false|false\u00bb animation_style=\u00bbslide\u00bb animation_direction=\u00bbleft\u00bb animation_delay=\u00bb100ms\u00bb border_width_all=\u00bb0px\u00bb border_color_all=\u00bb#dddddd\u00bb border_style_all=\u00bbsolid\u00bb border_radii_image=\u00bbon|100%|100%|100%|100%\u00bb border_width_all_image=\u00bb3px\u00bb border_color_all_image=\u00bb#8300e9&#8243; use_border_color=\u00bbon\u00bb border_color=\u00bb#dddddd\u00bb icon_font_size=\u00bb60px\u00bb use_circle=\u00bbon\u00bb use_circle_border=\u00bbon\u00bb circle_border_color=\u00bb#8300e9&#8243; circle_color=\u00bbrgba(0,0,0,0)\u00bb global_colors_info=\u00bb{}\u00bb image_icon_background_color__sticky_enabled=\u00bb#2ea3f2&#8243; image_icon_background_color__sticky=\u00bb#2ea3f2&#8243;]Por lo general, demoramos entre 5 y 10 d\u00edas para preparar su presencia web[\/et_pb_blurb][\/et_pb_column][\/et_pb_row][et_pb_row column_structure=\u00bb1_3,1_3,1_3&#8243; use_custom_gutter=\u00bbon\u00bb gutter_width=\u00bb2&#8243; make_equal=\u00bbon\u00bb admin_label=\u00bbServicios\u00bb _builder_version=\u00bb4.16&#8243; max_width=\u00bb80%\u00bb custom_padding=\u00bb25px||25px|\u00bb use_custom_width=\u00bbon\u00bb width_unit=\u00bboff\u00bb global_colors_info=\u00bb{}\u00bb][et_pb_column type=\u00bb1_3&#8243; _builder_version=\u00bb4.16&#8243; custom_padding=\u00bb|||\u00bb global_colors_info=\u00bb{}\u00bb custom_padding__hover=\u00bb|||\u00bb][et_pb_blurb title=\u00bbCompatible con dispositivos m\u00f3viles y tabletas\u00bb use_icon=\u00bbon\u00bb font_icon=\u00bb&#xe00b;||divi||400&#8243; icon_color=\u00bb#041175&#8243; image_icon_background_color=\u00bbrgba(0,0,0,0)\u00bb image_icon_width=\u00bb60px\u00bb _builder_version=\u00bb4.16&#8243; header_font=\u00bbMontserrat|on|||\u00bb header_text_color=\u00bb#353740&#8243; header_font_size=\u00bb22px\u00bb header_line_height=\u00bb1.4em\u00bb body_font=\u00bbMontserrat||||\u00bb body_text_color=\u00bb#747d88&#8243; body_font_size=\u00bb16px\u00bb body_line_height=\u00bb1.8em\u00bb image_icon_custom_padding=\u00bb25px|25px|25px|25px|false|false\u00bb text_orientation=\u00bbcenter\u00bb custom_padding=\u00bb10px|20px|10px|20px|false|false\u00bb animation_style=\u00bbslide\u00bb animation_direction=\u00bbleft\u00bb animation_delay=\u00bb100ms\u00bb border_width_all=\u00bb0px\u00bb border_color_all=\u00bb#dddddd\u00bb border_style_all=\u00bbsolid\u00bb border_radii_image=\u00bbon|100%|100%|100%|100%\u00bb border_width_all_image=\u00bb3px\u00bb border_color_all_image=\u00bb#8300e9&#8243; use_border_color=\u00bbon\u00bb border_color=\u00bb#dddddd\u00bb icon_font_size=\u00bb60px\u00bb use_circle=\u00bbon\u00bb use_circle_border=\u00bbon\u00bb circle_border_color=\u00bb#8300e9&#8243; circle_color=\u00bbrgba(0,0,0,0)\u00bb global_colors_info=\u00bb{}\u00bb image_icon_background_color__sticky_enabled=\u00bb#2ea3f2&#8243; image_icon_background_color__sticky=\u00bb#2ea3f2&#8243;]Asegurarse de que su sitio web tambi\u00e9n se ver\u00e1 bien en dispositivos port\u00e1tiles[\/et_pb_blurb][\/et_pb_column][et_pb_column type=\u00bb1_3&#8243; _builder_version=\u00bb4.16&#8243; custom_padding=\u00bb|||\u00bb global_colors_info=\u00bb{}\u00bb custom_padding__hover=\u00bb|||\u00bb][et_pb_blurb title=\u00bbInternacionalizacion\u00bb use_icon=\u00bbon\u00bb font_icon=\u00bb&#xe0e9;||divi||400&#8243; icon_color=\u00bb#041175&#8243; image_icon_background_color=\u00bbrgba(0,0,0,0)\u00bb image_icon_width=\u00bb60px\u00bb _builder_version=\u00bb4.16&#8243; header_font=\u00bbMontserrat|on|||\u00bb header_text_color=\u00bb#353740&#8243; header_font_size=\u00bb22px\u00bb header_line_height=\u00bb1.4em\u00bb body_font=\u00bbMontserrat||||\u00bb body_text_color=\u00bb#747d88&#8243; body_font_size=\u00bb16px\u00bb body_line_height=\u00bb1.8em\u00bb image_icon_custom_padding=\u00bb25px|25px|25px|25px|false|false\u00bb text_orientation=\u00bbcenter\u00bb custom_padding=\u00bb10px|20px|10px|20px|false|false\u00bb animation_style=\u00bbslide\u00bb animation_direction=\u00bbleft\u00bb animation_delay=\u00bb100ms\u00bb border_width_all=\u00bb0px\u00bb border_color_all=\u00bb#dddddd\u00bb border_style_all=\u00bbsolid\u00bb border_radii_image=\u00bbon|100%|100%|100%|100%\u00bb border_width_all_image=\u00bb3px\u00bb border_color_all_image=\u00bb#8300e9&#8243; use_border_color=\u00bbon\u00bb border_color=\u00bb#dddddd\u00bb icon_font_size=\u00bb60px\u00bb use_circle=\u00bbon\u00bb use_circle_border=\u00bbon\u00bb circle_border_color=\u00bb#8300e9&#8243; circle_color=\u00bbrgba(0,0,0,0)\u00bb global_colors_info=\u00bb{}\u00bb image_icon_background_color__sticky_enabled=\u00bb#2ea3f2&#8243; image_icon_background_color__sticky=\u00bb#2ea3f2&#8243;]\u00bfPor qu\u00e9 detenerse en la frontera, vender en el extranjero y ampliar sus horizontes?[\/et_pb_blurb][\/et_pb_column][et_pb_column type=\u00bb1_3&#8243; _builder_version=\u00bb4.16&#8243; custom_padding=\u00bb|||\u00bb global_colors_info=\u00bb{}\u00bb custom_padding__hover=\u00bb|||\u00bb][et_pb_blurb title=\u00bbPosicionamento SEO\u00bb use_icon=\u00bbon\u00bb font_icon=\u00bb&#x55;||divi||400&#8243; icon_color=\u00bb#041175&#8243; image_icon_background_color=\u00bbrgba(0,0,0,0)\u00bb image_icon_width=\u00bb60px\u00bb _builder_version=\u00bb4.16&#8243; header_font=\u00bbMontserrat|on|||\u00bb header_text_color=\u00bb#353740&#8243; header_font_size=\u00bb22px\u00bb header_line_height=\u00bb1.4em\u00bb body_font=\u00bbMontserrat||||\u00bb body_text_color=\u00bb#747d88&#8243; body_font_size=\u00bb16px\u00bb body_line_height=\u00bb1.8em\u00bb image_icon_custom_padding=\u00bb25px|25px|25px|25px|false|false\u00bb text_orientation=\u00bbcenter\u00bb custom_padding=\u00bb10px|20px|10px|20px|false|false\u00bb animation_style=\u00bbslide\u00bb animation_direction=\u00bbleft\u00bb animation_delay=\u00bb100ms\u00bb border_width_all=\u00bb0px\u00bb border_color_all=\u00bb#dddddd\u00bb border_style_all=\u00bbsolid\u00bb border_radii_image=\u00bbon|100%|100%|100%|100%\u00bb border_width_all_image=\u00bb3px\u00bb border_color_all_image=\u00bb#8300e9&#8243; use_border_color=\u00bbon\u00bb border_color=\u00bb#dddddd\u00bb icon_font_size=\u00bb60px\u00bb use_circle=\u00bbon\u00bb use_circle_border=\u00bbon\u00bb circle_border_color=\u00bb#8300e9&#8243; circle_color=\u00bbrgba(0,0,0,0)\u00bb global_colors_info=\u00bb{}\u00bb image_icon_background_color__sticky_enabled=\u00bb#2ea3f2&#8243; image_icon_background_color__sticky=\u00bb#2ea3f2&#8243;]Encontrarlo es muy importante, nos aseguramos de que aparezca en los motores de b\u00fasqueda importantes.[\/et_pb_blurb][\/et_pb_column][\/et_pb_row][\/et_pb_section]<\/p>\n","protected":false},"excerpt":{"rendered":"<p>Servicios web SitgesSomos un proveedor de soluciones integrales establecido en Surbiton desde 2005. Brindamos servicio y soporte para las empresas locales y la comunidad, ayud\u00e1ndoles con sus problemas de Internet y web. No hay trabajo peque\u00f1o o grande, estamos felices de trabajar en proyectos de cualquier tama\u00f1o. Simplemente cont\u00e1ctenos para que podamos conocer sus requisitos [&hellip;]<\/p>\n","protected":false},"author":2,"featured_media":0,"parent":0,"menu_order":0,"comment_status":"closed","ping_status":"closed","template":"","meta":{"_et_pb_use_builder":"on","_et_pb_old_content":"","_et_gb_content_width":"","footnotes":""},"yoast_head":"<!-- This site is optimized with the Yoast SEO plugin v21.8 - https:\/\/yoast.com\/wordpress\/plugins\/seo\/ -->\n<title>Servicios Web Sitges - Anagio - soluci\u00f3n integral<\/title>\n<meta name=\"description\" content=\"No se preocupe por Internet, nos encargamos de todo, un proveedor de soluciones integrales. Los servicios web de Sitges explican todo en lenguaje sencillo\" \/>\n<meta name=\"robots\" content=\"index, follow, max-snippet:-1, max-image-preview:large, max-video-preview:-1\" \/>\n<link rel=\"canonical\" href=\"https:\/\/anagio.com\/es\/web-multilingual-sitges\/\" \/>\n<meta property=\"og:locale\" content=\"es_ES\" \/>\n<meta property=\"og:type\" content=\"article\" \/>\n<meta property=\"og:title\" content=\"Servicios Web Sitges - Anagio - soluci\u00f3n integral\" \/>\n<meta property=\"og:description\" content=\"No se preocupe por Internet, nos encargamos de todo, un proveedor de soluciones integrales. Los servicios web de Sitges explican todo en lenguaje sencillo\" \/>\n<meta property=\"og:url\" content=\"https:\/\/anagio.com\/es\/web-multilingual-sitges\/\" \/>\n<meta property=\"og:site_name\" content=\"Anagio - Surbiton Web Design\" \/>\n<meta property=\"article:modified_time\" content=\"2022-12-22T17:17:29+00:00\" \/>\n<meta name=\"twitter:card\" content=\"summary_large_image\" \/>\n<meta name=\"twitter:label1\" content=\"Tiempo de lectura\" \/>\n\t<meta name=\"twitter:data1\" content=\"9 minutos\" \/>\n<script type=\"application\/ld+json\" class=\"yoast-schema-graph\">{\"@context\":\"https:\/\/schema.org\",\"@graph\":[{\"@type\":\"WebPage\",\"@id\":\"https:\/\/anagio.com\/es\/web-multilingual-sitges\/\",\"url\":\"https:\/\/anagio.com\/es\/web-multilingual-sitges\/\",\"name\":\"Servicios Web Sitges - Anagio - soluci\u00f3n integral\",\"isPartOf\":{\"@id\":\"https:\/\/anagio.com\/es\/#website\"},\"datePublished\":\"2020-04-08T18:19:01+00:00\",\"dateModified\":\"2022-12-22T17:17:29+00:00\",\"description\":\"No se preocupe por Internet, nos encargamos de todo, un proveedor de soluciones integrales. Los servicios web de Sitges explican todo en lenguaje sencillo\",\"breadcrumb\":{\"@id\":\"https:\/\/anagio.com\/es\/web-multilingual-sitges\/#breadcrumb\"},\"inLanguage\":\"es\",\"potentialAction\":[{\"@type\":\"ReadAction\",\"target\":[\"https:\/\/anagio.com\/es\/web-multilingual-sitges\/\"]}]},{\"@type\":\"BreadcrumbList\",\"@id\":\"https:\/\/anagio.com\/es\/web-multilingual-sitges\/#breadcrumb\",\"itemListElement\":[{\"@type\":\"ListItem\",\"position\":1,\"name\":\"Home\",\"item\":\"https:\/\/anagio.com\/es\/\"},{\"@type\":\"ListItem\",\"position\":2,\"name\":\"Servicios\"}]},{\"@type\":\"WebSite\",\"@id\":\"https:\/\/anagio.com\/es\/#website\",\"url\":\"https:\/\/anagio.com\/es\/\",\"name\":\"Anagio - Surbiton Web Design\",\"description\":\"Web Design Surbiton, Surrey\",\"publisher\":{\"@id\":\"https:\/\/anagio.com\/es\/#organization\"},\"potentialAction\":[{\"@type\":\"SearchAction\",\"target\":{\"@type\":\"EntryPoint\",\"urlTemplate\":\"https:\/\/anagio.com\/es\/?s={search_term_string}\"},\"query-input\":\"required name=search_term_string\"}],\"inLanguage\":\"es\"},{\"@type\":\"Organization\",\"@id\":\"https:\/\/anagio.com\/es\/#organization\",\"name\":\"Anagio Ltd.\",\"url\":\"https:\/\/anagio.com\/es\/\",\"logo\":{\"@type\":\"ImageObject\",\"inLanguage\":\"es\",\"@id\":\"https:\/\/anagio.com\/es\/#\/schema\/logo\/image\/\",\"url\":\"https:\/\/anagio.com\/wp-content\/uploads\/2020\/04\/Anagio.jpeg\",\"contentUrl\":\"https:\/\/anagio.com\/wp-content\/uploads\/2020\/04\/Anagio.jpeg\",\"width\":389,\"height\":130,\"caption\":\"Anagio Ltd.\"},\"image\":{\"@id\":\"https:\/\/anagio.com\/es\/#\/schema\/logo\/image\/\"},\"sameAs\":[\"https:\/\/www.linkedin.com\/company\/anagio\"]}]}<\/script>\n<!-- \/ Yoast SEO plugin. -->","yoast_head_json":{"title":"Servicios Web Sitges - Anagio - soluci\u00f3n integral","description":"No se preocupe por Internet, nos encargamos de todo, un proveedor de soluciones integrales. Los servicios web de Sitges explican todo en lenguaje sencillo","robots":{"index":"index","follow":"follow","max-snippet":"max-snippet:-1","max-image-preview":"max-image-preview:large","max-video-preview":"max-video-preview:-1"},"canonical":"https:\/\/anagio.com\/es\/web-multilingual-sitges\/","og_locale":"es_ES","og_type":"article","og_title":"Servicios Web Sitges - Anagio - soluci\u00f3n integral","og_description":"No se preocupe por Internet, nos encargamos de todo, un proveedor de soluciones integrales. Los servicios web de Sitges explican todo en lenguaje sencillo","og_url":"https:\/\/anagio.com\/es\/web-multilingual-sitges\/","og_site_name":"Anagio - Surbiton Web Design","article_modified_time":"2022-12-22T17:17:29+00:00","twitter_card":"summary_large_image","twitter_misc":{"Tiempo de lectura":"9 minutos"},"schema":{"@context":"https:\/\/schema.org","@graph":[{"@type":"WebPage","@id":"https:\/\/anagio.com\/es\/web-multilingual-sitges\/","url":"https:\/\/anagio.com\/es\/web-multilingual-sitges\/","name":"Servicios Web Sitges - Anagio - soluci\u00f3n integral","isPartOf":{"@id":"https:\/\/anagio.com\/es\/#website"},"datePublished":"2020-04-08T18:19:01+00:00","dateModified":"2022-12-22T17:17:29+00:00","description":"No se preocupe por Internet, nos encargamos de todo, un proveedor de soluciones integrales. Los servicios web de Sitges explican todo en lenguaje sencillo","breadcrumb":{"@id":"https:\/\/anagio.com\/es\/web-multilingual-sitges\/#breadcrumb"},"inLanguage":"es","potentialAction":[{"@type":"ReadAction","target":["https:\/\/anagio.com\/es\/web-multilingual-sitges\/"]}]},{"@type":"BreadcrumbList","@id":"https:\/\/anagio.com\/es\/web-multilingual-sitges\/#breadcrumb","itemListElement":[{"@type":"ListItem","position":1,"name":"Home","item":"https:\/\/anagio.com\/es\/"},{"@type":"ListItem","position":2,"name":"Servicios"}]},{"@type":"WebSite","@id":"https:\/\/anagio.com\/es\/#website","url":"https:\/\/anagio.com\/es\/","name":"Anagio - Surbiton Web Design","description":"Web Design Surbiton, Surrey","publisher":{"@id":"https:\/\/anagio.com\/es\/#organization"},"potentialAction":[{"@type":"SearchAction","target":{"@type":"EntryPoint","urlTemplate":"https:\/\/anagio.com\/es\/?s={search_term_string}"},"query-input":"required name=search_term_string"}],"inLanguage":"es"},{"@type":"Organization","@id":"https:\/\/anagio.com\/es\/#organization","name":"Anagio Ltd.","url":"https:\/\/anagio.com\/es\/","logo":{"@type":"ImageObject","inLanguage":"es","@id":"https:\/\/anagio.com\/es\/#\/schema\/logo\/image\/","url":"https:\/\/anagio.com\/wp-content\/uploads\/2020\/04\/Anagio.jpeg","contentUrl":"https:\/\/anagio.com\/wp-content\/uploads\/2020\/04\/Anagio.jpeg","width":389,"height":130,"caption":"Anagio Ltd."},"image":{"@id":"https:\/\/anagio.com\/es\/#\/schema\/logo\/image\/"},"sameAs":["https:\/\/www.linkedin.com\/company\/anagio"]}]}},"_links":{"self":[{"href":"https:\/\/anagio.com\/es\/wp-json\/wp\/v2\/pages\/409"}],"collection":[{"href":"https:\/\/anagio.com\/es\/wp-json\/wp\/v2\/pages"}],"about":[{"href":"https:\/\/anagio.com\/es\/wp-json\/wp\/v2\/types\/page"}],"author":[{"embeddable":true,"href":"https:\/\/anagio.com\/es\/wp-json\/wp\/v2\/users\/2"}],"replies":[{"embeddable":true,"href":"https:\/\/anagio.com\/es\/wp-json\/wp\/v2\/comments?post=409"}],"version-history":[{"count":0,"href":"https:\/\/anagio.com\/es\/wp-json\/wp\/v2\/pages\/409\/revisions"}],"wp:attachment":[{"href":"https:\/\/anagio.com\/es\/wp-json\/wp\/v2\/media?parent=409"}],"curies":[{"name":"wp","href":"https:\/\/api.w.org\/{rel}","templated":true}]}}