{"id":403,"date":"2020-04-08T18:06:15","date_gmt":"2020-04-08T18:06:15","guid":{"rendered":"http:\/\/anagio.com\/inicio\/"},"modified":"2024-01-29T17:54:41","modified_gmt":"2024-01-29T17:54:41","slug":"inicio","status":"publish","type":"page","link":"https:\/\/anagio.com\/es\/","title":{"rendered":"Inicio"},"content":{"rendered":"<p>[et_pb_section fb_built=\u00bb1&#8243; _builder_version=\u00bb4.23.4&#8243; width=\u00bb100%\u00bb max_width=\u00bb100%\u00bb custom_padding=\u00bb0px||||false|false\u00bb hover_enabled=\u00bb0&#8243; global_colors_info=\u00bb{}\u00bb background_enable_video_mp4=\u00bboff\u00bb sticky_enabled=\u00bb0&#8243;][et_pb_row _builder_version=\u00bb4.16&#8243; width=\u00bb90%\u00bb max_width=\u00bb1320px\u00bb module_alignment=\u00bbcenter\u00bb custom_margin=\u00bb|auto|||false|false\u00bb global_colors_info=\u00bb{}\u00bb][et_pb_column type=\u00bb4_4&#8243; _builder_version=\u00bb4.16&#8243; global_colors_info=\u00bb{}\u00bb][et_pb_text _builder_version=\u00bb4.23.4&#8243; text_font=\u00bb||||||||\u00bb header_font=\u00bbMontserrat|700||on|||||\u00bb header_text_color=\u00bb#000000&#8243; header_font_size=\u00bb7em\u00bb header_line_height=\u00bb1.3em\u00bb custom_margin=\u00bb0px||10px|\u00bb custom_padding=\u00bb0px||0px\u00bb animation_style=\u00bbfade\u00bb hover_enabled=\u00bb0&#8243; header_font_size_last_edited=\u00bboff|desktop\u00bb header_text_shadow_style=\u00bbpreset5&#8243; header_text_shadow_horizontal_length=\u00bb0.09em\u00bb header_text_shadow_vertical_length=\u00bb0.05em\u00bb header_text_shadow_blur_strength=\u00bb0.08em\u00bb header_text_shadow_color=\u00bb#636363&#8243; locked=\u00bboff\u00bb global_colors_info=\u00bb{}\u00bb header_text_align=\u00bbcenter\u00bb sticky_enabled=\u00bb0&#8243;]<\/p>\n<h1>Anagio<\/h1>\n<p>[\/et_pb_text][et_pb_text _builder_version=\u00bb4.23.4&#8243; text_font=\u00bbMontserrat|500||on|||||\u00bb text_text_color=\u00bb#353740&#8243; text_font_size=\u00bb1em\u00bb text_letter_spacing=\u00bb3px\u00bb header_font=\u00bbMontserrat|600|||||||\u00bb header_2_font=\u00bb||||||||\u00bb header_2_text_color=\u00bb#000000&#8243; header_2_font_size=\u00bb2.7em\u00bb header_3_font=\u00bbMontserrat|600|||||||\u00bb header_3_text_align=\u00bbleft\u00bb header_3_text_color=\u00bb#2d2d2d\u00bb header_3_font_size=\u00bb2.8em\u00bb min_height=\u00bb98px\u00bb custom_margin=\u00bb||||false|false\u00bb custom_padding=\u00bb||||false|false\u00bb animation_style=\u00bbslide\u00bb animation_direction=\u00bbbottom\u00bb hover_enabled=\u00bb0&#8243; header_2_text_shadow_style=\u00bbpreset1&#8243; locked=\u00bboff\u00bb global_colors_info=\u00bb{}\u00bb header_2_text_align=\u00bbcenter\u00bb sticky_enabled=\u00bb0&#8243;]<\/p>\n<h2><span>YA EST\u00c1 CERRADO PARA SIEMPRE<\/span><\/h2>\n<p>[\/et_pb_text][\/et_pb_column][\/et_pb_row][\/et_pb_section]<\/p>\n","protected":false},"excerpt":{"rendered":"<p>AnagioYA EST\u00c1 CERRADO PARA SIEMPRE<\/p>\n","protected":false},"author":2,"featured_media":984,"parent":0,"menu_order":0,"comment_status":"closed","ping_status":"closed","template":"","meta":{"_et_pb_use_builder":"on","_et_pb_old_content":"","_et_gb_content_width":"","footnotes":""},"yoast_head":"<!-- This site is optimized with the Yoast SEO plugin v21.8 - https:\/\/yoast.com\/wordpress\/plugins\/seo\/ -->\n<title>Dise\u00f1o de p\u00e1ginas web en Sitges - Anagio - ubicada en Sitges<\/title>\n<meta name=\"description\" content=\"Dise\u00f1o de p\u00e1ginas web en Sitges - Anagio - ubicada en Sitges, enfoque rasonable para crear o mejorar su sitio web, cada proyecto recibe la misma atenci\u00f3n\" \/>\n<meta name=\"robots\" content=\"index, follow, max-snippet:-1, max-image-preview:large, max-video-preview:-1\" \/>\n<link rel=\"canonical\" href=\"https:\/\/anagio.com\/es\/\" \/>\n<meta property=\"og:locale\" content=\"es_ES\" \/>\n<meta property=\"og:type\" content=\"article\" \/>\n<meta property=\"og:title\" content=\"Dise\u00f1o de p\u00e1ginas web en Sitges - Anagio - ubicada en Sitges\" \/>\n<meta property=\"og:description\" content=\"Dise\u00f1o de p\u00e1ginas web en Sitges - Anagio - ubicada en Sitges, enfoque rasonable para crear o mejorar su sitio web, cada proyecto recibe la misma atenci\u00f3n\" \/>\n<meta property=\"og:url\" content=\"https:\/\/anagio.com\/es\/\" \/>\n<meta property=\"og:site_name\" content=\"Anagio - Surbiton Web Design\" \/>\n<meta property=\"article:modified_time\" content=\"2024-01-29T17:54:41+00:00\" \/>\n<meta property=\"og:image\" content=\"https:\/\/anagio.com\/wp-content\/uploads\/2020\/06\/anagio-logo-2020.jpg\" \/>\n\t<meta property=\"og:image:width\" content=\"500\" \/>\n\t<meta property=\"og:image:height\" content=\"500\" \/>\n\t<meta property=\"og:image:type\" content=\"image\/jpeg\" \/>\n<meta name=\"twitter:card\" content=\"summary_large_image\" \/>\n<meta name=\"twitter:label1\" content=\"Tiempo de lectura\" \/>\n\t<meta name=\"twitter:data1\" content=\"8 minutos\" \/>\n<script type=\"application\/ld+json\" class=\"yoast-schema-graph\">{\"@context\":\"https:\/\/schema.org\",\"@graph\":[{\"@type\":\"WebPage\",\"@id\":\"https:\/\/anagio.com\/es\/\",\"url\":\"https:\/\/anagio.com\/es\/\",\"name\":\"Dise\u00f1o de p\u00e1ginas web en Sitges - Anagio - ubicada en Sitges\",\"isPartOf\":{\"@id\":\"https:\/\/anagio.com\/es\/#website\"},\"datePublished\":\"2020-04-08T18:06:15+00:00\",\"dateModified\":\"2024-01-29T17:54:41+00:00\",\"description\":\"Dise\u00f1o de p\u00e1ginas web en Sitges - Anagio - ubicada en Sitges, enfoque rasonable para crear o mejorar su sitio web, cada proyecto recibe la misma atenci\u00f3n\",\"breadcrumb\":{\"@id\":\"https:\/\/anagio.com\/es\/#breadcrumb\"},\"inLanguage\":\"es\",\"potentialAction\":[{\"@type\":\"ReadAction\",\"target\":[\"https:\/\/anagio.com\/es\/\"]}]},{\"@type\":\"BreadcrumbList\",\"@id\":\"https:\/\/anagio.com\/es\/#breadcrumb\",\"itemListElement\":[{\"@type\":\"ListItem\",\"position\":1,\"name\":\"Home\",\"item\":\"https:\/\/anagio.com\/es\/\"},{\"@type\":\"ListItem\",\"position\":2,\"name\":\"Inicio\"}]},{\"@type\":\"WebSite\",\"@id\":\"https:\/\/anagio.com\/es\/#website\",\"url\":\"https:\/\/anagio.com\/es\/\",\"name\":\"Anagio - Surbiton Web Design\",\"description\":\"Web Design Surbiton, Surrey\",\"publisher\":{\"@id\":\"https:\/\/anagio.com\/es\/#organization\"},\"potentialAction\":[{\"@type\":\"SearchAction\",\"target\":{\"@type\":\"EntryPoint\",\"urlTemplate\":\"https:\/\/anagio.com\/es\/?s={search_term_string}\"},\"query-input\":\"required name=search_term_string\"}],\"inLanguage\":\"es\"},{\"@type\":\"Organization\",\"@id\":\"https:\/\/anagio.com\/es\/#organization\",\"name\":\"Anagio Ltd.\",\"url\":\"https:\/\/anagio.com\/es\/\",\"logo\":{\"@type\":\"ImageObject\",\"inLanguage\":\"es\",\"@id\":\"https:\/\/anagio.com\/es\/#\/schema\/logo\/image\/\",\"url\":\"https:\/\/anagio.com\/wp-content\/uploads\/2020\/04\/Anagio.jpeg\",\"contentUrl\":\"https:\/\/anagio.com\/wp-content\/uploads\/2020\/04\/Anagio.jpeg\",\"width\":389,\"height\":130,\"caption\":\"Anagio Ltd.\"},\"image\":{\"@id\":\"https:\/\/anagio.com\/es\/#\/schema\/logo\/image\/\"},\"sameAs\":[\"https:\/\/www.linkedin.com\/company\/anagio\"]}]}<\/script>\n<!-- \/ Yoast SEO plugin. -->","yoast_head_json":{"title":"Dise\u00f1o de p\u00e1ginas web en Sitges - Anagio - ubicada en Sitges","description":"Dise\u00f1o de p\u00e1ginas web en Sitges - Anagio - ubicada en Sitges, enfoque rasonable para crear o mejorar su sitio web, cada proyecto recibe la misma atenci\u00f3n","robots":{"index":"index","follow":"follow","max-snippet":"max-snippet:-1","max-image-preview":"max-image-preview:large","max-video-preview":"max-video-preview:-1"},"canonical":"https:\/\/anagio.com\/es\/","og_locale":"es_ES","og_type":"article","og_title":"Dise\u00f1o de p\u00e1ginas web en Sitges - Anagio - ubicada en Sitges","og_description":"Dise\u00f1o de p\u00e1ginas web en Sitges - Anagio - ubicada en Sitges, enfoque rasonable para crear o mejorar su sitio web, cada proyecto recibe la misma atenci\u00f3n","og_url":"https:\/\/anagio.com\/es\/","og_site_name":"Anagio - Surbiton Web Design","article_modified_time":"2024-01-29T17:54:41+00:00","og_image":[{"width":500,"height":500,"url":"https:\/\/anagio.com\/wp-content\/uploads\/2020\/06\/anagio-logo-2020.jpg","type":"image\/jpeg"}],"twitter_card":"summary_large_image","twitter_misc":{"Tiempo de lectura":"8 minutos"},"schema":{"@context":"https:\/\/schema.org","@graph":[{"@type":"WebPage","@id":"https:\/\/anagio.com\/es\/","url":"https:\/\/anagio.com\/es\/","name":"Dise\u00f1o de p\u00e1ginas web en Sitges - Anagio - ubicada en Sitges","isPartOf":{"@id":"https:\/\/anagio.com\/es\/#website"},"datePublished":"2020-04-08T18:06:15+00:00","dateModified":"2024-01-29T17:54:41+00:00","description":"Dise\u00f1o de p\u00e1ginas web en Sitges - Anagio - ubicada en Sitges, enfoque rasonable para crear o mejorar su sitio web, cada proyecto recibe la misma atenci\u00f3n","breadcrumb":{"@id":"https:\/\/anagio.com\/es\/#breadcrumb"},"inLanguage":"es","potentialAction":[{"@type":"ReadAction","target":["https:\/\/anagio.com\/es\/"]}]},{"@type":"BreadcrumbList","@id":"https:\/\/anagio.com\/es\/#breadcrumb","itemListElement":[{"@type":"ListItem","position":1,"name":"Home","item":"https:\/\/anagio.com\/es\/"},{"@type":"ListItem","position":2,"name":"Inicio"}]},{"@type":"WebSite","@id":"https:\/\/anagio.com\/es\/#website","url":"https:\/\/anagio.com\/es\/","name":"Anagio - Surbiton Web Design","description":"Web Design Surbiton, Surrey","publisher":{"@id":"https:\/\/anagio.com\/es\/#organization"},"potentialAction":[{"@type":"SearchAction","target":{"@type":"EntryPoint","urlTemplate":"https:\/\/anagio.com\/es\/?s={search_term_string}"},"query-input":"required name=search_term_string"}],"inLanguage":"es"},{"@type":"Organization","@id":"https:\/\/anagio.com\/es\/#organization","name":"Anagio Ltd.","url":"https:\/\/anagio.com\/es\/","logo":{"@type":"ImageObject","inLanguage":"es","@id":"https:\/\/anagio.com\/es\/#\/schema\/logo\/image\/","url":"https:\/\/anagio.com\/wp-content\/uploads\/2020\/04\/Anagio.jpeg","contentUrl":"https:\/\/anagio.com\/wp-content\/uploads\/2020\/04\/Anagio.jpeg","width":389,"height":130,"caption":"Anagio Ltd."},"image":{"@id":"https:\/\/anagio.com\/es\/#\/schema\/logo\/image\/"},"sameAs":["https:\/\/www.linkedin.com\/company\/anagio"]}]}},"_links":{"self":[{"href":"https:\/\/anagio.com\/es\/wp-json\/wp\/v2\/pages\/403"}],"collection":[{"href":"https:\/\/anagio.com\/es\/wp-json\/wp\/v2\/pages"}],"about":[{"href":"https:\/\/anagio.com\/es\/wp-json\/wp\/v2\/types\/page"}],"author":[{"embeddable":true,"href":"https:\/\/anagio.com\/es\/wp-json\/wp\/v2\/users\/2"}],"replies":[{"embeddable":true,"href":"https:\/\/anagio.com\/es\/wp-json\/wp\/v2\/comments?post=403"}],"version-history":[{"count":1,"href":"https:\/\/anagio.com\/es\/wp-json\/wp\/v2\/pages\/403\/revisions"}],"predecessor-version":[{"id":1303,"href":"https:\/\/anagio.com\/es\/wp-json\/wp\/v2\/pages\/403\/revisions\/1303"}],"wp:featuredmedia":[{"embeddable":true,"href":"https:\/\/anagio.com\/es\/wp-json\/wp\/v2\/media\/984"}],"wp:attachment":[{"href":"https:\/\/anagio.com\/es\/wp-json\/wp\/v2\/media?parent=403"}],"curies":[{"name":"wp","href":"https:\/\/api.w.org\/{rel}","templated":true}]}}