{"id":460,"date":"2020-04-10T17:36:44","date_gmt":"2020-04-10T17:36:44","guid":{"rendered":"http:\/\/anagio.com\/services\/"},"modified":"2020-06-23T12:37:06","modified_gmt":"2020-06-23T12:37:06","slug":"mehrsprachige-webseiten-anagio","status":"publish","type":"page","link":"https:\/\/anagio.com\/de\/mehrsprachige-webseiten-anagio\/","title":{"rendered":"Services"},"content":{"rendered":"<p>[et_pb_section fb_built=&#8220;1&#8243; admin_label=&#8220;Hero&#8220; _builder_version=&#8220;3.22&#8243; custom_padding=&#8220;0px|0px|0px|0px&#8220; animation_style=&#8220;zoom&#8220; animation_intensity_zoom=&#8220;4%&#8220;][et_pb_row column_structure=&#8220;1_2,1_2&#8243; use_custom_gutter=&#8220;on&#8220; gutter_width=&#8220;1&#8243; make_equal=&#8220;on&#8220; module_class=&#8220; et_pb_row_fullwidth&#8220; _builder_version=&#8220;4.0.9&#8243; background_color=&#8220;#0b99f4&#8243; background_image=&#8220;https:\/\/anagio.com\/wp-content\/uploads\/2019\/08\/circle-background-pattern.png&#8220; width=&#8220;100%&#8220; width_tablet=&#8220;100%&#8220; width_phone=&#8220;&#8220; width_last_edited=&#8220;on|desktop&#8220; max_width=&#8220;100%&#8220; max_width_tablet=&#8220;100%&#8220; max_width_phone=&#8220;&#8220; max_width_last_edited=&#8220;on|desktop&#8220; custom_padding=&#8220;0px||0px|||&#8220; animation_style=&#8220;slide&#8220; animation_direction=&#8220;top&#8220; animation_intensity_slide=&#8220;3%&#8220; make_fullwidth=&#8220;on&#8220;][et_pb_column type=&#8220;1_2&#8243; _builder_version=&#8220;4.0.9&#8243; custom_padding=&#8220;1%|8%|1%|8%|false|true&#8220; custom_padding__hover=&#8220;|||&#8220;][et_pb_text _builder_version=&#8220;4.4.2&#8243; text_font=&#8220;||||||||&#8220; header_font=&#8220;Montserrat|700||on|||||&#8220; header_text_color=&#8220;#f7f7f7&#8243; header_font_size=&#8220;60px&#8220; header_line_height=&#8220;1.3em&#8220; custom_margin=&#8220;||40px|&#8220; animation_style=&#8220;fade&#8220; header_font_size_last_edited=&#8220;off|desktop&#8220; locked=&#8220;off&#8220;]<\/p>\n<h1><strong><span style=\"color: #edf000;\" data-mce-style=\"color: #edf000;\">A<\/span><span style=\"color: #e09900;\" data-mce-style=\"color: #e09900;\">n<\/span><span style=\"color: #e02b20;\" data-mce-style=\"color: #e02b20;\">a<\/span><span style=\"color: #7cda24;\" data-mce-style=\"color: #7cda24;\">g<\/span><span style=\"color: #0c71c3;\" data-mce-style=\"color: #0c71c3;\">i<\/span><span style=\"color: #8300e9;\" data-mce-style=\"color: #8300e9;\">o<\/span><\/strong><\/h1>\n<p>[\/et_pb_text][et_pb_text _builder_version=&#8220;4.4.2&#8243; text_font=&#8220;Montserrat||||&#8220; text_text_color=&#8220;#353740&#8243; text_font_size=&#8220;20px&#8220; text_line_height=&#8220;1.8em&#8220; header_font=&#8220;||||||||&#8220; custom_margin=&#8220;||50px|&#8220; custom_padding=&#8220;0px|||||&#8220; animation_style=&#8220;slide&#8220; animation_direction=&#8220;top&#8220; animation_intensity_slide=&#8220;17%&#8220; locked=&#8220;off&#8220;]<\/p>\n<p>Mehrsprachige Webseiten von Anagio, seit 2005 bieten wir Service und Support f\u00fcr lokale Unternehmen und die Gemeinschaft an.<\/p>\n<p>Kein Job zu klein oder zu gro\u00df, wir arbeiten gerne an Projekten jeder Gr\u00f6\u00dfe. Setzen Sie sich doch einfach mit uns Verbindung, damit wir Ihre Anforderungen kennen lernen k\u00f6nnen und Ihnen ein Angebot erstellen.<\/p>\n<p>Unser Engagement mit der&nbsp; Gemeinschaft ist ebenfalls ein wichtiger Teil unseres Gesch\u00e4fts. Kingston \u00a3 und Corinthian Casuals sind Beispiele f\u00fcr unser Engagement f\u00fcr lokale Surbiton Initiativen.<\/p>\n<p>[\/et_pb_text][\/et_pb_column][et_pb_column type=&#8220;1_2&#8243; _builder_version=&#8220;3.25&#8243; background_image=&#8220;https:\/\/anagio.com\/wp-content\/uploads\/2019\/08\/Maple-Road.jpg&#8220; parallax=&#8220;on&#8220; custom_padding=&#8220;|||&#8220; custom_padding__hover=&#8220;|||&#8220;][\/et_pb_column][\/et_pb_row][\/et_pb_section][et_pb_section fb_built=&#8220;1&#8243; admin_label=&#8220;Service Section&#8220; _builder_version=&#8220;3.22&#8243; min_height=&#8220;890px&#8220; custom_margin=&#8220;|||&#8220; custom_padding=&#8220;40px||40px|||&#8220;][et_pb_row admin_label=&#8220;Service Section Title&#8220; _builder_version=&#8220;3.25&#8243; custom_margin=&#8220;|auto|10px|auto||&#8220; animation_style=&#8220;fade&#8220; animation_direction=&#8220;top&#8220; saved_tabs=&#8220;all&#8220;][et_pb_column type=&#8220;4_4&#8243; _builder_version=&#8220;3.25&#8243; custom_padding=&#8220;|||&#8220; custom_padding__hover=&#8220;|||&#8220;][et_pb_text admin_label=&#8220;Title&#8220; _builder_version=&#8220;3.27.4&#8243; text_font=&#8220;Montserrat||||||||&#8220; text_text_color=&#8220;#747d88&#8243; text_font_size=&#8220;16px&#8220; text_line_height=&#8220;1.9em&#8220; header_font=&#8220;||||||||&#8220; header_2_font=&#8220;Montserrat|700||on|||||&#8220; header_2_font_size=&#8220;42px&#8220; header_2_line_height=&#8220;1.3em&#8220; text_orientation=&#8220;center&#8220; max_width=&#8220;700px&#8220; module_alignment=&#8220;center&#8220; animation_style=&#8220;slide&#8220; animation_direction=&#8220;bottom&#8220; animation_intensity_slide=&#8220;4%&#8220;]<\/p>\n<h2>Was machen wir f\u00fcr Sie<\/h2>\n<p>[\/et_pb_text][et_pb_text admin_label=&#8220;Subtitle&#8220; _builder_version=&#8220;4.4.2&#8243; text_font=&#8220;Montserrat||||&#8220; text_text_color=&#8220;#747d88&#8243; text_font_size=&#8220;16px&#8220; text_line_height=&#8220;1.8em&#8220; header_font=&#8220;||||||||&#8220; text_orientation=&#8220;center&#8220; max_width=&#8220;1106px&#8220; module_alignment=&#8220;center&#8220; custom_margin=&#8220;|||46px||&#8220; custom_padding=&#8220;|||0px||&#8220; animation_style=&#8220;slide&#8220; animation_direction=&#8220;bottom&#8220; animation_delay=&#8220;100ms&#8220; animation_intensity_slide=&#8220;4%&#8220;]<\/p>\n<p>Wir verf\u00fcgen entweder \u00fcber die erforderlichen F\u00e4higkeiten oder k\u00f6nnen \u00fcber unsere Kontakte einen Experten auf dem jeweiligen Gebiet einsetzen, der uns bei allen von Ihnen gew\u00fcnschten Dienstleistungen unterst\u00fctzt. Auf diese Weise profitieren Sie von einem Kontakt. Keine Suche, keine Zeitverschwendung, um herauszufinden, wer was tut. \u00dcberlassen Sie es uns in dem Wissen, dass es erledigt wird.<\/p>\n<p>[\/et_pb_text][\/et_pb_column][\/et_pb_row][et_pb_row column_structure=&#8220;1_3,1_3,1_3&#8243; use_custom_gutter=&#8220;on&#8220; gutter_width=&#8220;2&#8243; make_equal=&#8220;on&#8220; admin_label=&#8220;Services&#8220; _builder_version=&#8220;3.25&#8243; max_width=&#8220;80%&#8220; custom_padding=&#8220;25px||25px|&#8220; use_custom_width=&#8220;on&#8220; width_unit=&#8220;off&#8220;][et_pb_column type=&#8220;1_3&#8243; _builder_version=&#8220;3.25&#8243; custom_padding=&#8220;|||&#8220; custom_padding__hover=&#8220;|||&#8220;][et_pb_blurb title=&#8220;Web Design&#8220; use_icon=&#8220;on&#8220; font_icon=&#8220;%%106%%&#8220; icon_color=&#8220;#041175&#8243; use_circle=&#8220;on&#8220; circle_color=&#8220;rgba(0,0,0,0)&#8220; use_circle_border=&#8220;on&#8220; circle_border_color=&#8220;#8300e9&#8243; use_icon_font_size=&#8220;on&#8220; icon_font_size=&#8220;60px&#8220; _builder_version=&#8220;4.0.9&#8243; header_font=&#8220;Montserrat|on|||&#8220; header_text_color=&#8220;#353740&#8243; header_font_size=&#8220;22px&#8220; header_line_height=&#8220;1.4em&#8220; body_font=&#8220;Montserrat||||&#8220; body_text_color=&#8220;#747d88&#8243; body_font_size=&#8220;16px&#8220; body_line_height=&#8220;1.8em&#8220; text_orientation=&#8220;center&#8220; custom_padding=&#8220;10px|20px|10px|20px|false|false&#8220; animation_style=&#8220;slide&#8220; animation_direction=&#8220;left&#8220; animation_delay=&#8220;100ms&#8220; border_width_all=&#8220;0px&#8220; border_color_all=&#8220;#dddddd&#8220; border_style_all=&#8220;solid&#8220; use_border_color=&#8220;on&#8220; border_color=&#8220;#dddddd&#8220;]<\/p>\n<p>Frisches Design zu erschwinglichen Preisen<\/p>\n<p>[\/et_pb_blurb][\/et_pb_column][et_pb_column type=&#8220;1_3&#8243; _builder_version=&#8220;3.25&#8243; custom_padding=&#8220;|||&#8220; custom_padding__hover=&#8220;|||&#8220;][et_pb_blurb title=&#8220;Domainname&#8220; use_icon=&#8220;on&#8220; font_icon=&#8220;%%165%%&#8220; icon_color=&#8220;#041175&#8243; use_circle=&#8220;on&#8220; circle_color=&#8220;rgba(0,0,0,0)&#8220; use_circle_border=&#8220;on&#8220; circle_border_color=&#8220;#8300e9&#8243; use_icon_font_size=&#8220;on&#8220; icon_font_size=&#8220;60px&#8220; _builder_version=&#8220;3.18.7&#8243; header_font=&#8220;Montserrat|on|||&#8220; header_text_color=&#8220;#353740&#8243; header_font_size=&#8220;22px&#8220; header_line_height=&#8220;1.4em&#8220; body_font=&#8220;Montserrat||||&#8220; body_text_color=&#8220;#747d88&#8243; body_font_size=&#8220;16px&#8220; body_line_height=&#8220;1.8em&#8220; text_orientation=&#8220;center&#8220; custom_padding=&#8220;10px|20px|10px|20px|false|false&#8220; animation_style=&#8220;slide&#8220; animation_direction=&#8220;left&#8220; animation_delay=&#8220;100ms&#8220; border_width_all=&#8220;0px&#8220; border_color_all=&#8220;#dddddd&#8220; border_style_all=&#8220;solid&#8220; use_border_color=&#8220;on&#8220; border_color=&#8220;#dddddd&#8220;]<\/p>\n<p>Ihr Name im Internet, auch wenn der urspr\u00fcngliche Name bereits verwendet wird, gibt es viele M\u00f6glichkeiten<\/p>\n<p>[\/et_pb_blurb][\/et_pb_column][et_pb_column type=&#8220;1_3&#8243; _builder_version=&#8220;3.25&#8243; custom_padding=&#8220;|||&#8220; custom_padding__hover=&#8220;|||&#8220;][et_pb_blurb title=&#8220;Schnelle Abwicklung&#8220; use_icon=&#8220;on&#8220; font_icon=&#8220;%%128%%&#8220; icon_color=&#8220;#041175&#8243; use_circle=&#8220;on&#8220; circle_color=&#8220;rgba(0,0,0,0)&#8220; use_circle_border=&#8220;on&#8220; circle_border_color=&#8220;#8300e9&#8243; use_icon_font_size=&#8220;on&#8220; icon_font_size=&#8220;60px&#8220; _builder_version=&#8220;3.18.7&#8243; header_font=&#8220;Montserrat|on|||&#8220; header_text_color=&#8220;#353740&#8243; header_font_size=&#8220;22px&#8220; header_line_height=&#8220;1.4em&#8220; body_font=&#8220;Montserrat||||&#8220; body_text_color=&#8220;#747d88&#8243; body_font_size=&#8220;16px&#8220; body_line_height=&#8220;1.8em&#8220; text_orientation=&#8220;center&#8220; custom_padding=&#8220;10px|20px|10px|20px|false|false&#8220; animation_style=&#8220;slide&#8220; animation_direction=&#8220;left&#8220; animation_delay=&#8220;100ms&#8220; border_width_all=&#8220;0px&#8220; border_color_all=&#8220;#dddddd&#8220; border_style_all=&#8220;solid&#8220; use_border_color=&#8220;on&#8220; border_color=&#8220;#dddddd&#8220;]<\/p>\n<p>Normalerweise ben\u00f6tigen wir zwischen 5 und 10 Tage, um sie online verf\u00fcgbar zu machen<\/p>\n<p>[\/et_pb_blurb][\/et_pb_column][\/et_pb_row][et_pb_row column_structure=&#8220;1_3,1_3,1_3&#8243; use_custom_gutter=&#8220;on&#8220; gutter_width=&#8220;2&#8243; make_equal=&#8220;on&#8220; admin_label=&#8220;Services&#8220; _builder_version=&#8220;3.25&#8243; max_width=&#8220;80%&#8220; custom_padding=&#8220;25px||25px|&#8220; use_custom_width=&#8220;on&#8220; width_unit=&#8220;off&#8220;][et_pb_column type=&#8220;1_3&#8243; _builder_version=&#8220;3.25&#8243; custom_padding=&#8220;|||&#8220; custom_padding__hover=&#8220;|||&#8220;][et_pb_blurb title=&#8220;Handy und Tablett freundlich&#8220; use_icon=&#8220;on&#8220; font_icon=&#8220;%%104%%&#8220; icon_color=&#8220;#041175&#8243; use_circle=&#8220;on&#8220; circle_color=&#8220;rgba(0,0,0,0)&#8220; use_circle_border=&#8220;on&#8220; circle_border_color=&#8220;#8300e9&#8243; use_icon_font_size=&#8220;on&#8220; icon_font_size=&#8220;60px&#8220; _builder_version=&#8220;3.18.7&#8243; header_font=&#8220;Montserrat|on|||&#8220; header_text_color=&#8220;#353740&#8243; header_font_size=&#8220;22px&#8220; header_line_height=&#8220;1.4em&#8220; body_font=&#8220;Montserrat||||&#8220; body_text_color=&#8220;#747d88&#8243; body_font_size=&#8220;16px&#8220; body_line_height=&#8220;1.8em&#8220; text_orientation=&#8220;center&#8220; custom_padding=&#8220;10px|20px|10px|20px|false|false&#8220; animation_style=&#8220;slide&#8220; animation_direction=&#8220;left&#8220; animation_delay=&#8220;100ms&#8220; border_width_all=&#8220;0px&#8220; border_color_all=&#8220;#dddddd&#8220; border_style_all=&#8220;solid&#8220; use_border_color=&#8220;on&#8220; border_color=&#8220;#dddddd&#8220;]<\/p>\n<p>Wir stellen Sie sicher, dass Ihre Webseite auch dem Handy gut aussieht<\/p>\n<p>[\/et_pb_blurb][\/et_pb_column][et_pb_column type=&#8220;1_3&#8243; _builder_version=&#8220;3.25&#8243; custom_padding=&#8220;|||&#8220; custom_padding__hover=&#8220;|||&#8220;][et_pb_blurb title=&#8220;Internationalisierung&#8220; use_icon=&#8220;on&#8220; font_icon=&#8220;%%158%%&#8220; icon_color=&#8220;#041175&#8243; use_circle=&#8220;on&#8220; circle_color=&#8220;rgba(0,0,0,0)&#8220; use_circle_border=&#8220;on&#8220; circle_border_color=&#8220;#8300e9&#8243; use_icon_font_size=&#8220;on&#8220; icon_font_size=&#8220;60px&#8220; _builder_version=&#8220;3.18.7&#8243; header_font=&#8220;Montserrat|on|||&#8220; header_text_color=&#8220;#353740&#8243; header_font_size=&#8220;22px&#8220; header_line_height=&#8220;1.4em&#8220; body_font=&#8220;Montserrat||||&#8220; body_text_color=&#8220;#747d88&#8243; body_font_size=&#8220;16px&#8220; body_line_height=&#8220;1.8em&#8220; text_orientation=&#8220;center&#8220; custom_padding=&#8220;10px|20px|10px|20px|false|false&#8220; animation_style=&#8220;slide&#8220; animation_direction=&#8220;left&#8220; animation_delay=&#8220;100ms&#8220; border_width_all=&#8220;0px&#8220; border_color_all=&#8220;#dddddd&#8220; border_style_all=&#8220;solid&#8220; use_border_color=&#8220;on&#8220; border_color=&#8220;#dddddd&#8220;]<\/p>\n<p>Warum an der Grenze halt machen, im Ausland verkaufen und Ihren Horizont erweitern?<\/p>\n<p>[\/et_pb_blurb][\/et_pb_column][et_pb_column type=&#8220;1_3&#8243; _builder_version=&#8220;3.25&#8243; custom_padding=&#8220;|||&#8220; custom_padding__hover=&#8220;|||&#8220;][et_pb_blurb title=&#8220;Search Engine Optimisation&#8220; use_icon=&#8220;on&#8220; font_icon=&#8220;%%52%%&#8220; icon_color=&#8220;#041175&#8243; use_circle=&#8220;on&#8220; circle_color=&#8220;rgba(0,0,0,0)&#8220; use_circle_border=&#8220;on&#8220; circle_border_color=&#8220;#8300e9&#8243; use_icon_font_size=&#8220;on&#8220; icon_font_size=&#8220;60px&#8220; _builder_version=&#8220;3.18.7&#8243; header_font=&#8220;Montserrat|on|||&#8220; header_text_color=&#8220;#353740&#8243; header_font_size=&#8220;22px&#8220; header_line_height=&#8220;1.4em&#8220; body_font=&#8220;Montserrat||||&#8220; body_text_color=&#8220;#747d88&#8243; body_font_size=&#8220;16px&#8220; body_line_height=&#8220;1.8em&#8220; text_orientation=&#8220;center&#8220; custom_padding=&#8220;10px|20px|10px|20px|false|false&#8220; animation_style=&#8220;slide&#8220; animation_direction=&#8220;left&#8220; animation_delay=&#8220;100ms&#8220; border_width_all=&#8220;0px&#8220; border_color_all=&#8220;#dddddd&#8220; border_style_all=&#8220;solid&#8220; use_border_color=&#8220;on&#8220; border_color=&#8220;#dddddd&#8220;]<\/p>\n<p>Es ist sehr wichtig, gefunden zu werden. Wir sorgen daf\u00fcr, dass Sie in den wichtigsten Suchmaschinen aufgef\u00fchrt werden<\/p>\n<p>[\/et_pb_blurb][\/et_pb_column][\/et_pb_row][\/et_pb_section]<\/p>\n","protected":false},"excerpt":{"rendered":"<p>AnagioMehrsprachige Webseiten von Anagio, seit 2005 bieten wir Service und Support f\u00fcr lokale Unternehmen und die Gemeinschaft an.Kein Job zu klein oder zu gro\u00df, wir arbeiten gerne an Projekten jeder Gr\u00f6\u00dfe. Setzen Sie sich doch einfach mit uns Verbindung, damit wir Ihre Anforderungen kennen lernen k\u00f6nnen und Ihnen ein Angebot erstellen.Unser Engagement mit der&nbsp; Gemeinschaft [&hellip;]<\/p>\n","protected":false},"author":2,"featured_media":0,"parent":0,"menu_order":0,"comment_status":"closed","ping_status":"closed","template":"","meta":{"_et_pb_use_builder":"on","_et_pb_old_content":"","_et_gb_content_width":"","footnotes":""},"yoast_head":"<!-- This site is optimized with the Yoast SEO plugin v21.8 - https:\/\/yoast.com\/wordpress\/plugins\/seo\/ -->\n<title>Mehrsprachige Webseiten - Anagio<\/title>\n<meta name=\"description\" content=\"Machen Sie sich keine Sorgen um das Internet, wir k\u00fcmmern uns darum und erkl\u00e4ren Ihnen alles ohne Fachjargon\" \/>\n<meta name=\"robots\" content=\"index, follow, max-snippet:-1, max-image-preview:large, max-video-preview:-1\" \/>\n<link rel=\"canonical\" href=\"https:\/\/anagio.com\/de\/mehrsprachige-webseiten-anagio\/\" \/>\n<meta property=\"og:locale\" content=\"de_DE\" \/>\n<meta property=\"og:type\" content=\"article\" \/>\n<meta property=\"og:title\" content=\"Mehrsprachige Webseiten - Anagio\" \/>\n<meta property=\"og:description\" content=\"Machen Sie sich keine Sorgen um das Internet, wir k\u00fcmmern uns darum und erkl\u00e4ren Ihnen alles ohne Fachjargon\" \/>\n<meta property=\"og:url\" content=\"https:\/\/anagio.com\/de\/mehrsprachige-webseiten-anagio\/\" \/>\n<meta property=\"og:site_name\" content=\"Anagio - Surbiton Web Design\" \/>\n<meta property=\"article:modified_time\" content=\"2020-06-23T12:37:06+00:00\" \/>\n<meta name=\"twitter:card\" content=\"summary_large_image\" \/>\n<meta name=\"twitter:label1\" content=\"Gesch\u00e4tzte Lesezeit\" \/>\n\t<meta name=\"twitter:data1\" content=\"7\u00a0Minuten\" \/>\n<script type=\"application\/ld+json\" class=\"yoast-schema-graph\">{\"@context\":\"https:\/\/schema.org\",\"@graph\":[{\"@type\":\"WebPage\",\"@id\":\"https:\/\/anagio.com\/de\/mehrsprachige-webseiten-anagio\/\",\"url\":\"https:\/\/anagio.com\/de\/mehrsprachige-webseiten-anagio\/\",\"name\":\"Mehrsprachige Webseiten - Anagio\",\"isPartOf\":{\"@id\":\"https:\/\/anagio.com\/de\/#website\"},\"datePublished\":\"2020-04-10T17:36:44+00:00\",\"dateModified\":\"2020-06-23T12:37:06+00:00\",\"description\":\"Machen Sie sich keine Sorgen um das Internet, wir k\u00fcmmern uns darum und erkl\u00e4ren Ihnen alles ohne Fachjargon\",\"breadcrumb\":{\"@id\":\"https:\/\/anagio.com\/de\/mehrsprachige-webseiten-anagio\/#breadcrumb\"},\"inLanguage\":\"de\",\"potentialAction\":[{\"@type\":\"ReadAction\",\"target\":[\"https:\/\/anagio.com\/de\/mehrsprachige-webseiten-anagio\/\"]}]},{\"@type\":\"BreadcrumbList\",\"@id\":\"https:\/\/anagio.com\/de\/mehrsprachige-webseiten-anagio\/#breadcrumb\",\"itemListElement\":[{\"@type\":\"ListItem\",\"position\":1,\"name\":\"Home\",\"item\":\"https:\/\/anagio.com\/de\/\"},{\"@type\":\"ListItem\",\"position\":2,\"name\":\"Services\"}]},{\"@type\":\"WebSite\",\"@id\":\"https:\/\/anagio.com\/de\/#website\",\"url\":\"https:\/\/anagio.com\/de\/\",\"name\":\"Anagio - Surbiton Web Design\",\"description\":\"Web Design Surbiton, Surrey\",\"publisher\":{\"@id\":\"https:\/\/anagio.com\/de\/#organization\"},\"potentialAction\":[{\"@type\":\"SearchAction\",\"target\":{\"@type\":\"EntryPoint\",\"urlTemplate\":\"https:\/\/anagio.com\/de\/?s={search_term_string}\"},\"query-input\":\"required name=search_term_string\"}],\"inLanguage\":\"de\"},{\"@type\":\"Organization\",\"@id\":\"https:\/\/anagio.com\/de\/#organization\",\"name\":\"Anagio Ltd.\",\"url\":\"https:\/\/anagio.com\/de\/\",\"logo\":{\"@type\":\"ImageObject\",\"inLanguage\":\"de\",\"@id\":\"https:\/\/anagio.com\/de\/#\/schema\/logo\/image\/\",\"url\":\"https:\/\/anagio.com\/wp-content\/uploads\/2020\/04\/Anagio.jpeg\",\"contentUrl\":\"https:\/\/anagio.com\/wp-content\/uploads\/2020\/04\/Anagio.jpeg\",\"width\":389,\"height\":130,\"caption\":\"Anagio Ltd.\"},\"image\":{\"@id\":\"https:\/\/anagio.com\/de\/#\/schema\/logo\/image\/\"},\"sameAs\":[\"https:\/\/www.linkedin.com\/company\/anagio\"]}]}<\/script>\n<!-- \/ Yoast SEO plugin. -->","yoast_head_json":{"title":"Mehrsprachige Webseiten - Anagio","description":"Machen Sie sich keine Sorgen um das Internet, wir k\u00fcmmern uns darum und erkl\u00e4ren Ihnen alles ohne Fachjargon","robots":{"index":"index","follow":"follow","max-snippet":"max-snippet:-1","max-image-preview":"max-image-preview:large","max-video-preview":"max-video-preview:-1"},"canonical":"https:\/\/anagio.com\/de\/mehrsprachige-webseiten-anagio\/","og_locale":"de_DE","og_type":"article","og_title":"Mehrsprachige Webseiten - Anagio","og_description":"Machen Sie sich keine Sorgen um das Internet, wir k\u00fcmmern uns darum und erkl\u00e4ren Ihnen alles ohne Fachjargon","og_url":"https:\/\/anagio.com\/de\/mehrsprachige-webseiten-anagio\/","og_site_name":"Anagio - Surbiton Web Design","article_modified_time":"2020-06-23T12:37:06+00:00","twitter_card":"summary_large_image","twitter_misc":{"Gesch\u00e4tzte Lesezeit":"7\u00a0Minuten"},"schema":{"@context":"https:\/\/schema.org","@graph":[{"@type":"WebPage","@id":"https:\/\/anagio.com\/de\/mehrsprachige-webseiten-anagio\/","url":"https:\/\/anagio.com\/de\/mehrsprachige-webseiten-anagio\/","name":"Mehrsprachige Webseiten - Anagio","isPartOf":{"@id":"https:\/\/anagio.com\/de\/#website"},"datePublished":"2020-04-10T17:36:44+00:00","dateModified":"2020-06-23T12:37:06+00:00","description":"Machen Sie sich keine Sorgen um das Internet, wir k\u00fcmmern uns darum und erkl\u00e4ren Ihnen alles ohne Fachjargon","breadcrumb":{"@id":"https:\/\/anagio.com\/de\/mehrsprachige-webseiten-anagio\/#breadcrumb"},"inLanguage":"de","potentialAction":[{"@type":"ReadAction","target":["https:\/\/anagio.com\/de\/mehrsprachige-webseiten-anagio\/"]}]},{"@type":"BreadcrumbList","@id":"https:\/\/anagio.com\/de\/mehrsprachige-webseiten-anagio\/#breadcrumb","itemListElement":[{"@type":"ListItem","position":1,"name":"Home","item":"https:\/\/anagio.com\/de\/"},{"@type":"ListItem","position":2,"name":"Services"}]},{"@type":"WebSite","@id":"https:\/\/anagio.com\/de\/#website","url":"https:\/\/anagio.com\/de\/","name":"Anagio - Surbiton Web Design","description":"Web Design Surbiton, Surrey","publisher":{"@id":"https:\/\/anagio.com\/de\/#organization"},"potentialAction":[{"@type":"SearchAction","target":{"@type":"EntryPoint","urlTemplate":"https:\/\/anagio.com\/de\/?s={search_term_string}"},"query-input":"required name=search_term_string"}],"inLanguage":"de"},{"@type":"Organization","@id":"https:\/\/anagio.com\/de\/#organization","name":"Anagio Ltd.","url":"https:\/\/anagio.com\/de\/","logo":{"@type":"ImageObject","inLanguage":"de","@id":"https:\/\/anagio.com\/de\/#\/schema\/logo\/image\/","url":"https:\/\/anagio.com\/wp-content\/uploads\/2020\/04\/Anagio.jpeg","contentUrl":"https:\/\/anagio.com\/wp-content\/uploads\/2020\/04\/Anagio.jpeg","width":389,"height":130,"caption":"Anagio Ltd."},"image":{"@id":"https:\/\/anagio.com\/de\/#\/schema\/logo\/image\/"},"sameAs":["https:\/\/www.linkedin.com\/company\/anagio"]}]}},"_links":{"self":[{"href":"https:\/\/anagio.com\/de\/wp-json\/wp\/v2\/pages\/460"}],"collection":[{"href":"https:\/\/anagio.com\/de\/wp-json\/wp\/v2\/pages"}],"about":[{"href":"https:\/\/anagio.com\/de\/wp-json\/wp\/v2\/types\/page"}],"author":[{"embeddable":true,"href":"https:\/\/anagio.com\/de\/wp-json\/wp\/v2\/users\/2"}],"replies":[{"embeddable":true,"href":"https:\/\/anagio.com\/de\/wp-json\/wp\/v2\/comments?post=460"}],"version-history":[{"count":0,"href":"https:\/\/anagio.com\/de\/wp-json\/wp\/v2\/pages\/460\/revisions"}],"wp:attachment":[{"href":"https:\/\/anagio.com\/de\/wp-json\/wp\/v2\/media?parent=460"}],"curies":[{"name":"wp","href":"https:\/\/api.w.org\/{rel}","templated":true}]}}