{"id":447,"date":"2020-04-10T16:51:14","date_gmt":"2020-04-10T16:51:14","guid":{"rendered":"http:\/\/anagio.com\/ueber-uns\/"},"modified":"2020-04-10T16:51:42","modified_gmt":"2020-04-10T16:51:42","slug":"ueber-uns","status":"publish","type":"page","link":"https:\/\/anagio.com\/de\/ueber-uns\/","title":{"rendered":"\u00dcber Uns"},"content":{"rendered":"<p>[et_pb_section fb_built=&#8220;1&#8243; admin_label=&#8220;About Us Section&#8220; _builder_version=&#8220;4.0.9&#8243; background_image=&#8220;https:\/\/anagio.com\/wp-content\/uploads\/2019\/08\/Surbiton.jpg&#8220; parallax=&#8220;on&#8220; custom_margin=&#8220;||||false|false&#8220; custom_margin_tablet=&#8220;&#8220; custom_margin_phone=&#8220;|0px||0px&#8220; custom_margin_last_edited=&#8220;on|phone&#8220; custom_padding=&#8220;2%|||0|false|false&#8220; animation_style=&#8220;zoom&#8220; animation_direction=&#8220;top&#8220; animation_intensity_zoom=&#8220;5%&#8220; hover_enabled=&#8220;0&#8243; box_shadow_style=&#8220;preset7&#8243; box_shadow_horizontal=&#8220;0px&#8220; box_shadow_vertical=&#8220;-200px&#8220; box_shadow_color=&#8220;#ffffff&#8220;][et_pb_row _builder_version=&#8220;4.0.9&#8243; column_structure=&#8220;2_3,1_3&#8243; custom_margin=&#8220;|auto||320px||&#8220;][et_pb_column _builder_version=&#8220;4.0.9&#8243; type=&#8220;2_3&#8243;][et_pb_text admin_label=&#8220;Title&#8220; _builder_version=&#8220;3.27.4&#8243; text_font=&#8220;Montserrat||||||||&#8220; text_text_color=&#8220;#747d88&#8243; text_font_size=&#8220;16px&#8220; text_line_height=&#8220;1.9em&#8220; header_font=&#8220;||||||||&#8220; header_text_align=&#8220;left&#8220; header_2_font=&#8220;Montserrat|700||on|||||&#8220; header_2_font_size=&#8220;42px&#8220; header_2_line_height=&#8220;1.3em&#8220; background_color=&#8220;#f7f7f7&#8243; background_size=&#8220;initial&#8220; background_position=&#8220;top_left&#8220; background_repeat=&#8220;repeat&#8220; max_width=&#8220;700px&#8220; module_alignment=&#8220;left&#8220; custom_margin=&#8220;|82px||||&#8220; custom_padding=&#8220;10%|1.3%|10%|10%||&#8220; animation_style=&#8220;slide&#8220; animation_direction=&#8220;bottom&#8220; animation_intensity_slide=&#8220;4%&#8220; animation_starting_opacity=&#8220;100%&#8220; box_shadow_style=&#8220;preset1&#8243; box_shadow_vertical=&#8220;15px&#8220; box_shadow_blur=&#8220;45px&#8220; box_shadow_color=&#8220;rgba(0,0,0,0.15)&#8220; locked=&#8220;off&#8220;]<\/p>\n<h2>Mehrsprachige Webseiten<\/h2>\n<p>Warum eine eigene Website erstellen? Oder lassen Sie es am Ende \u00fcber Telefon \/ E-Mail von einem gesichtslosen Roboter bauen?<\/p>\n<p>Wir kennen alle unsere Kunden. Wenn wir uns von Angesicht zu Angesicht treffen, h\u00f6ren wir zu und schlagen die beste L\u00f6sung vor.<\/p>\n<p>Unser Ziel ist es, mit unseren Kunden zusammenzuwachsen. Wenn sie ihr Gesch\u00e4ft verbessern, k\u00f6nnen sie mehr Geld bei uns ausgeben. Also setzen wir die Verbesserungen fort und werden gemeinsam gr\u00f6\u00dfer und besser.[\/et_pb_text][\/et_pb_column][et_pb_column _builder_version=&#8220;4.0.9&#8243; type=&#8220;1_3&#8243;][\/et_pb_column][\/et_pb_row][\/et_pb_section][et_pb_section fb_built=&#8220;1&#8243; admin_label=&#8220;Page Header&#8220; _builder_version=&#8220;3.22&#8243; background_image=&#8220;https:\/\/anagio.com\/wp-content\/uploads\/2019\/08\/circle-background-pattern.png&#8220; custom_padding=&#8220;0px|0px|0px|0px|false|false&#8220; animation_style=&#8220;zoom&#8220; animation_intensity_zoom=&#8220;4%&#8220;][\/et_pb_section][et_pb_section fb_built=&#8220;1&#8243; _builder_version=&#8220;3.22&#8243;][et_pb_row _builder_version=&#8220;3.25&#8243;][et_pb_column type=&#8220;4_4&#8243; _builder_version=&#8220;3.25&#8243; custom_padding=&#8220;|||&#8220; custom_padding__hover=&#8220;|||&#8220;][et_pb_text _builder_version=&#8220;3.27.4&#8243;][\/et_pb_text][\/et_pb_column][\/et_pb_row][\/et_pb_section]<\/p>\n","protected":false},"excerpt":{"rendered":"<p>Mehrsprachige Webseiten Warum eine eigene Website erstellen? Oder lassen Sie es am Ende \u00fcber Telefon \/ E-Mail von einem gesichtslosen Roboter bauen? Wir kennen alle unsere Kunden. Wenn wir uns von Angesicht zu Angesicht treffen, h\u00f6ren wir zu und schlagen die beste L\u00f6sung vor. Unser Ziel ist es, mit unseren Kunden zusammenzuwachsen. Wenn sie ihr [&hellip;]<\/p>\n","protected":false},"author":2,"featured_media":0,"parent":0,"menu_order":0,"comment_status":"open","ping_status":"closed","template":"","meta":{"_et_pb_use_builder":"on","_et_pb_old_content":"Ben\u00f6tigen Sie eine Website, wissen aber nicht, wo Sie anfangen sollen?\r\n\r\nGlauben Sie, dass Ihr Unternehmen eine Webpr\u00e4senz ben\u00f6tigt, um der Konkurrenz einen Schritt voraus zu sein? Aber Sie wissen nicht wie oder haben nicht die Zeit daf\u00fcr.\r\n\r\nMit Anagio k\u00f6nnen Sie kosteng\u00fcnstig und effizient online pr\u00e4sent sein. Von Unternehmensgr\u00fcndungen bis hin zu Online-Shops k\u00f6nnen wir unabh\u00e4ngig von Ihren Anforderungen wirtschaftliche L\u00f6sungen anbieten.\r\n\r\nMit unserer Erfahrung in allen Bereichen der Computer- und Internet-Technologie k\u00f6nnen wir Ihnen alle Unterst\u00fctzung bieten, die Sie ben\u00f6tigen, um Ihr Unternehmen durch einen einzigen Kontakt wachsen zu lassen. Wir behalten unsere Kosten im Blick und unsere Sprache im Klartext!\r\n\r\nWenn Sie eine Website diskutieren oder eines unserer Angebote oder nur einen informellen Chat nutzen m\u00f6chten, kontaktieren Sie uns bitte mit Ihren Ideen und Sie werden bald sehen, wie Anagio Ihnen helfen kann.","_et_gb_content_width":"","footnotes":""},"yoast_head":"<!-- This site is optimized with the Yoast SEO plugin v21.8 - https:\/\/yoast.com\/wordpress\/plugins\/seo\/ -->\n<title>\u00dcber Uns - Anagio - Surbiton Web Design<\/title>\n<meta name=\"robots\" content=\"index, follow, max-snippet:-1, max-image-preview:large, max-video-preview:-1\" \/>\n<link rel=\"canonical\" href=\"https:\/\/anagio.com\/de\/ueber-uns\/\" \/>\n<meta property=\"og:locale\" content=\"de_DE\" \/>\n<meta property=\"og:type\" content=\"article\" \/>\n<meta property=\"og:title\" content=\"\u00dcber Uns - Anagio - Surbiton Web Design\" \/>\n<meta property=\"og:description\" content=\"Mehrsprachige Webseiten Warum eine eigene Website erstellen? Oder lassen Sie es am Ende \u00fcber Telefon \/ E-Mail von einem gesichtslosen Roboter bauen? Wir kennen alle unsere Kunden. Wenn wir uns von Angesicht zu Angesicht treffen, h\u00f6ren wir zu und schlagen die beste L\u00f6sung vor. Unser Ziel ist es, mit unseren Kunden zusammenzuwachsen. Wenn sie ihr [&hellip;]\" \/>\n<meta property=\"og:url\" content=\"https:\/\/anagio.com\/de\/ueber-uns\/\" \/>\n<meta property=\"og:site_name\" content=\"Anagio - Surbiton Web Design\" \/>\n<meta property=\"article:modified_time\" content=\"2020-04-10T16:51:42+00:00\" \/>\n<meta name=\"twitter:card\" content=\"summary_large_image\" \/>\n<meta name=\"twitter:label1\" content=\"Gesch\u00e4tzte Lesezeit\" \/>\n\t<meta name=\"twitter:data1\" content=\"2\u00a0Minuten\" \/>\n<script type=\"application\/ld+json\" class=\"yoast-schema-graph\">{\"@context\":\"https:\/\/schema.org\",\"@graph\":[{\"@type\":\"WebPage\",\"@id\":\"https:\/\/anagio.com\/de\/ueber-uns\/\",\"url\":\"https:\/\/anagio.com\/de\/ueber-uns\/\",\"name\":\"\u00dcber Uns - Anagio - Surbiton Web Design\",\"isPartOf\":{\"@id\":\"https:\/\/anagio.com\/de\/#website\"},\"datePublished\":\"2020-04-10T16:51:14+00:00\",\"dateModified\":\"2020-04-10T16:51:42+00:00\",\"breadcrumb\":{\"@id\":\"https:\/\/anagio.com\/de\/ueber-uns\/#breadcrumb\"},\"inLanguage\":\"de\",\"potentialAction\":[{\"@type\":\"ReadAction\",\"target\":[\"https:\/\/anagio.com\/de\/ueber-uns\/\"]}]},{\"@type\":\"BreadcrumbList\",\"@id\":\"https:\/\/anagio.com\/de\/ueber-uns\/#breadcrumb\",\"itemListElement\":[{\"@type\":\"ListItem\",\"position\":1,\"name\":\"Home\",\"item\":\"https:\/\/anagio.com\/de\/\"},{\"@type\":\"ListItem\",\"position\":2,\"name\":\"\u00dcber Uns\"}]},{\"@type\":\"WebSite\",\"@id\":\"https:\/\/anagio.com\/de\/#website\",\"url\":\"https:\/\/anagio.com\/de\/\",\"name\":\"Anagio - Surbiton Web Design\",\"description\":\"Web Design Surbiton, Surrey\",\"publisher\":{\"@id\":\"https:\/\/anagio.com\/de\/#organization\"},\"potentialAction\":[{\"@type\":\"SearchAction\",\"target\":{\"@type\":\"EntryPoint\",\"urlTemplate\":\"https:\/\/anagio.com\/de\/?s={search_term_string}\"},\"query-input\":\"required name=search_term_string\"}],\"inLanguage\":\"de\"},{\"@type\":\"Organization\",\"@id\":\"https:\/\/anagio.com\/de\/#organization\",\"name\":\"Anagio Ltd.\",\"url\":\"https:\/\/anagio.com\/de\/\",\"logo\":{\"@type\":\"ImageObject\",\"inLanguage\":\"de\",\"@id\":\"https:\/\/anagio.com\/de\/#\/schema\/logo\/image\/\",\"url\":\"https:\/\/anagio.com\/wp-content\/uploads\/2020\/04\/Anagio.jpeg\",\"contentUrl\":\"https:\/\/anagio.com\/wp-content\/uploads\/2020\/04\/Anagio.jpeg\",\"width\":389,\"height\":130,\"caption\":\"Anagio Ltd.\"},\"image\":{\"@id\":\"https:\/\/anagio.com\/de\/#\/schema\/logo\/image\/\"},\"sameAs\":[\"https:\/\/www.linkedin.com\/company\/anagio\"]}]}<\/script>\n<!-- \/ Yoast SEO plugin. -->","yoast_head_json":{"title":"\u00dcber Uns - Anagio - Surbiton Web Design","robots":{"index":"index","follow":"follow","max-snippet":"max-snippet:-1","max-image-preview":"max-image-preview:large","max-video-preview":"max-video-preview:-1"},"canonical":"https:\/\/anagio.com\/de\/ueber-uns\/","og_locale":"de_DE","og_type":"article","og_title":"\u00dcber Uns - Anagio - Surbiton Web Design","og_description":"Mehrsprachige Webseiten Warum eine eigene Website erstellen? Oder lassen Sie es am Ende \u00fcber Telefon \/ E-Mail von einem gesichtslosen Roboter bauen? Wir kennen alle unsere Kunden. Wenn wir uns von Angesicht zu Angesicht treffen, h\u00f6ren wir zu und schlagen die beste L\u00f6sung vor. Unser Ziel ist es, mit unseren Kunden zusammenzuwachsen. Wenn sie ihr [&hellip;]","og_url":"https:\/\/anagio.com\/de\/ueber-uns\/","og_site_name":"Anagio - Surbiton Web Design","article_modified_time":"2020-04-10T16:51:42+00:00","twitter_card":"summary_large_image","twitter_misc":{"Gesch\u00e4tzte Lesezeit":"2\u00a0Minuten"},"schema":{"@context":"https:\/\/schema.org","@graph":[{"@type":"WebPage","@id":"https:\/\/anagio.com\/de\/ueber-uns\/","url":"https:\/\/anagio.com\/de\/ueber-uns\/","name":"\u00dcber Uns - Anagio - Surbiton Web Design","isPartOf":{"@id":"https:\/\/anagio.com\/de\/#website"},"datePublished":"2020-04-10T16:51:14+00:00","dateModified":"2020-04-10T16:51:42+00:00","breadcrumb":{"@id":"https:\/\/anagio.com\/de\/ueber-uns\/#breadcrumb"},"inLanguage":"de","potentialAction":[{"@type":"ReadAction","target":["https:\/\/anagio.com\/de\/ueber-uns\/"]}]},{"@type":"BreadcrumbList","@id":"https:\/\/anagio.com\/de\/ueber-uns\/#breadcrumb","itemListElement":[{"@type":"ListItem","position":1,"name":"Home","item":"https:\/\/anagio.com\/de\/"},{"@type":"ListItem","position":2,"name":"\u00dcber Uns"}]},{"@type":"WebSite","@id":"https:\/\/anagio.com\/de\/#website","url":"https:\/\/anagio.com\/de\/","name":"Anagio - Surbiton Web Design","description":"Web Design Surbiton, Surrey","publisher":{"@id":"https:\/\/anagio.com\/de\/#organization"},"potentialAction":[{"@type":"SearchAction","target":{"@type":"EntryPoint","urlTemplate":"https:\/\/anagio.com\/de\/?s={search_term_string}"},"query-input":"required name=search_term_string"}],"inLanguage":"de"},{"@type":"Organization","@id":"https:\/\/anagio.com\/de\/#organization","name":"Anagio Ltd.","url":"https:\/\/anagio.com\/de\/","logo":{"@type":"ImageObject","inLanguage":"de","@id":"https:\/\/anagio.com\/de\/#\/schema\/logo\/image\/","url":"https:\/\/anagio.com\/wp-content\/uploads\/2020\/04\/Anagio.jpeg","contentUrl":"https:\/\/anagio.com\/wp-content\/uploads\/2020\/04\/Anagio.jpeg","width":389,"height":130,"caption":"Anagio Ltd."},"image":{"@id":"https:\/\/anagio.com\/de\/#\/schema\/logo\/image\/"},"sameAs":["https:\/\/www.linkedin.com\/company\/anagio"]}]}},"_links":{"self":[{"href":"https:\/\/anagio.com\/de\/wp-json\/wp\/v2\/pages\/447"}],"collection":[{"href":"https:\/\/anagio.com\/de\/wp-json\/wp\/v2\/pages"}],"about":[{"href":"https:\/\/anagio.com\/de\/wp-json\/wp\/v2\/types\/page"}],"author":[{"embeddable":true,"href":"https:\/\/anagio.com\/de\/wp-json\/wp\/v2\/users\/2"}],"replies":[{"embeddable":true,"href":"https:\/\/anagio.com\/de\/wp-json\/wp\/v2\/comments?post=447"}],"version-history":[{"count":0,"href":"https:\/\/anagio.com\/de\/wp-json\/wp\/v2\/pages\/447\/revisions"}],"wp:attachment":[{"href":"https:\/\/anagio.com\/de\/wp-json\/wp\/v2\/media?parent=447"}],"curies":[{"name":"wp","href":"https:\/\/api.w.org\/{rel}","templated":true}]}}